{"id":1349,"date":"2025-02-09T16:07:43","date_gmt":"2025-02-09T16:07:43","guid":{"rendered":"https:\/\/www.handmadebucisu.com\/?page_id=1349"},"modified":"2026-01-30T07:37:43","modified_gmt":"2026-01-30T07:37:43","slug":"shipping-policy","status":"publish","type":"page","link":"https:\/\/www.handmadebucisu.com\/sl\/shipping-policy\/","title":{"rendered":"Pravilnik o po\u0161iljkah"},"content":{"rendered":"<div class=\"wp-block-uagb-advanced-heading uagb-block-0748eee6\"><h2 class=\"uagb-heading-text\"><strong><strong>Dostava in po\u0161tnina<\/strong><\/strong><\/h2><\/div>\n\n\n\n<p>Vsako naro\u010dilo, oddano preko spletne trgovine <strong>handmadebucisu.com<\/strong>\u00a0, bo obravnavano najkasneje naslednji delovni dan po prejemu naro\u010dila.<\/p>\n\n\n\n<p>Izdelki, ki so <strong>na zalogi<\/strong>\u00a0, so praviloma odposlani v roku <strong>3 delovnih dni<\/strong>.<\/p>\n\n\n\n<p><br>Izdelki, ki so <strong>izdelani po naro\u010dilu<\/strong>&nbsp;ali zahtevajo dodatni \u010das izdelave, so odposlani v roku <strong>do 10 delovnih dni<\/strong>. O predvidenem roku dostave je kupec po potrebi obve\u0161\u010den.<\/p>\n\n\n\n<p>Dostava naro\u010denih izdelkov se izvaja preko\u00a0 <strong>Po\u0161te Slovenije<\/strong>. Ponudnik si pridr\u017euje pravico, da v izjemnih primerih izbere drugega dostavnega ponudnika, \u010de to omogo\u010da hitrej\u0161o ali zanesljivej\u0161o dostavo.<\/p>\n\n\n\n<p>Stro\u0161ek dostave zna\u0161a:<\/p>\n\n\n\n<ul class=\"wp-block-list\">\n<li><strong>3.90 \u20ac<\/strong>\u00a0za naro\u010dila do <strong>70.00 \u20ac<\/strong>,<\/li>\n\n\n\n<li><strong>brezpla\u010dna dostava<\/strong>\u00a0za naro\u010dila nad <strong>70.00 \u20ac<\/strong>.<\/li>\n<\/ul>\n\n\n\n<p>Pla\u010dilo po povzetju ni mo\u017eno. Omogo\u010deno je pla\u010dilo <strong>s kreditnimi karticami preko sistema\u00a0Stripe\u00a0<\/strong>\u00a0ter pla\u010dilo preko <strong>PayPal<\/strong>\u00a0.<\/p>\n\n\n\n<p>Cene dostave veljajo za po\u0161iljke <strong>znotraj\u00a0Slovenije<\/strong>. Dostava v tujino se obra\u010duna v skladu s cenikom Po\u0161te Slovenije, pri \u010demer pla\u010dilo po povzetju ni mo\u017eno.<\/p>\n\n\n\n<p>Dobavni roki so informativni. Ponudnik ne odgovarja za zamude, ki nastanejo zaradi razlogov na strani dostavne slu\u017ebe ali zaradi vi\u0161je sile.<\/p>\n\n\n\n<p>Ta pravilnik o po\u0161iljah velja od <strong>26.01.2026 dalje<\/strong>\u00a0dalje.<\/p>","protected":false},"excerpt":{"rendered":"<p>Delivery and Shipping Costs Each order placed through the online store handmadebucisu.com\u00a0will be processed no later than the next business day after the order is received. Products that are in stock\u00a0are generally dispatched within 3 business days. Products that are made to order&nbsp;or require additional production time are dispatched within up to 10 business days. [&hellip;]<\/p>\n","protected":false},"author":1,"featured_media":0,"parent":0,"menu_order":0,"comment_status":"closed","ping_status":"closed","template":"","meta":{"_uag_custom_page_level_css":"","site-sidebar-layout":"default","site-content-layout":"","ast-site-content-layout":"default","site-content-style":"default","site-sidebar-style":"default","ast-global-header-display":"","ast-banner-title-visibility":"","ast-main-header-display":"","ast-hfb-above-header-display":"","ast-hfb-below-header-display":"","ast-hfb-mobile-header-display":"","site-post-title":"","ast-breadcrumbs-content":"","ast-featured-img":"","footer-sml-layout":"","theme-transparent-header-meta":"","adv-header-id-meta":"","stick-header-meta":"","header-above-stick-meta":"","header-main-stick-meta":"","header-below-stick-meta":"","astra-migrate-meta-layouts":"set","ast-page-background-enabled":"default","ast-page-background-meta":{"desktop":{"background-color":"var(--ast-global-color-4)","background-image":"","background-repeat":"repeat","background-position":"center center","background-size":"auto","background-attachment":"scroll","background-type":"","background-media":"","overlay-type":"","overlay-color":"","overlay-opacity":"","overlay-gradient":""},"tablet":{"background-color":"","background-image":"","background-repeat":"repeat","background-position":"center center","background-size":"auto","background-attachment":"scroll","background-type":"","background-media":"","overlay-type":"","overlay-color":"","overlay-opacity":"","overlay-gradient":""},"mobile":{"background-color":"","background-image":"","background-repeat":"repeat","background-position":"center center","background-size":"auto","background-attachment":"scroll","background-type":"","background-media":"","overlay-type":"","overlay-color":"","overlay-opacity":"","overlay-gradient":""}},"ast-content-background-meta":{"desktop":{"background-color":"var(--ast-global-color-5)","background-image":"","background-repeat":"repeat","background-position":"center center","background-size":"auto","background-attachment":"scroll","background-type":"","background-media":"","overlay-type":"","overlay-color":"","overlay-opacity":"","overlay-gradient":""},"tablet":{"background-color":"var(--ast-global-color-5)","background-image":"","background-repeat":"repeat","background-position":"center center","background-size":"auto","background-attachment":"scroll","background-type":"","background-media":"","overlay-type":"","overlay-color":"","overlay-opacity":"","overlay-gradient":""},"mobile":{"background-color":"var(--ast-global-color-5)","background-image":"","background-repeat":"repeat","background-position":"center center","background-size":"auto","background-attachment":"scroll","background-type":"","background-media":"","overlay-type":"","overlay-color":"","overlay-opacity":"","overlay-gradient":""}},"footnotes":"[]"},"class_list":["post-1349","page","type-page","status-publish","hentry"],"uagb_featured_image_src":{"full":false,"thumbnail":false,"medium":false,"medium_large":false,"large":false,"1536x1536":false,"2048x2048":false,"trp-custom-language-flag":false,"mailpoet_newsletter_max":false,"woocommerce_thumbnail":false,"woocommerce_single":false,"woocommerce_gallery_thumbnail":false},"uagb_author_info":{"display_name":"bucisu","author_link":"https:\/\/www.handmadebucisu.com\/sl\/author\/bucisu\/"},"uagb_comment_info":0,"uagb_excerpt":"Delivery and Shipping Costs Each order placed through the online store handmadebucisu.com\u00a0will be processed no later than the next business day after the order is received. Products that are in stock\u00a0are generally dispatched within 3 business days. Products that are made to order&nbsp;or require additional production time are dispatched within up to 10 business days.&hellip;","_links":{"self":[{"href":"https:\/\/www.handmadebucisu.com\/sl\/wp-json\/wp\/v2\/pages\/1349","targetHints":{"allow":["GET"]}}],"collection":[{"href":"https:\/\/www.handmadebucisu.com\/sl\/wp-json\/wp\/v2\/pages"}],"about":[{"href":"https:\/\/www.handmadebucisu.com\/sl\/wp-json\/wp\/v2\/types\/page"}],"author":[{"embeddable":true,"href":"https:\/\/www.handmadebucisu.com\/sl\/wp-json\/wp\/v2\/users\/1"}],"replies":[{"embeddable":true,"href":"https:\/\/www.handmadebucisu.com\/sl\/wp-json\/wp\/v2\/comments?post=1349"}],"version-history":[{"count":10,"href":"https:\/\/www.handmadebucisu.com\/sl\/wp-json\/wp\/v2\/pages\/1349\/revisions"}],"predecessor-version":[{"id":1951,"href":"https:\/\/www.handmadebucisu.com\/sl\/wp-json\/wp\/v2\/pages\/1349\/revisions\/1951"}],"wp:attachment":[{"href":"https:\/\/www.handmadebucisu.com\/sl\/wp-json\/wp\/v2\/media?parent=1349"}],"curies":[{"name":"wp","href":"https:\/\/api.w.org\/{rel}","templated":true}]}}