{"id":1353,"date":"2025-02-09T16:08:29","date_gmt":"2025-02-09T16:08:29","guid":{"rendered":"https:\/\/www.handmadebucisu.com\/?page_id=1353"},"modified":"2026-01-30T07:41:35","modified_gmt":"2026-01-30T07:41:35","slug":"legal-notice","status":"publish","type":"page","link":"https:\/\/www.handmadebucisu.com\/sl\/legal-notice\/","title":{"rendered":"Pravno obvestilo"},"content":{"rendered":"<div class=\"wp-block-uagb-advanced-heading uagb-block-bc31e282\"><h2 class=\"uagb-heading-text\"><strong><strong>Omejitev odgovornosti<\/strong><\/strong><\/h2><\/div>\n\n\n\n<p>Ponudnik se trudi zagotavljati a\u017eurnost in pravilnost podatkov, objavljenih na spletni strani <strong>handmadebucisu.com<\/strong>\u00a0. Kljub temu se lahko lastnosti izdelkov, dobavni roki ali cene spremenijo, preden so podatki na spletni strani ustrezno posodobljeni. V takem primeru bo kupec o spremembah obve\u0161\u010den in mu bo omogo\u010den odstop od naro\u010dila.<\/p>\n\n\n\n<p>Vsi izdelki v spletni trgovini <strong>handmadebucisu.com<\/strong>\u00a0so izdelani ro\u010dno, zato lahko pride do manj\u0161ih odstopanj v detajlih. Barve izdelkov na fotografijah se lahko razlikujejo glede na nastavitve zaslona posamezne naprave.<\/p>\n\n\n\n<h2 class=\"wp-block-heading\"><strong><strong>Prito\u017ebe in re\u0161evanje sporov<\/strong><\/strong><\/h2>\n\n\n\n<p>Ponudnik spo\u0161tuje veljavno zakonodajo o varstvu potro\u0161nikov in si prizadeva morebitne spore re\u0161evati sporazumno.<\/p>\n\n\n\n<p>Prito\u017ebe lahko po\u0161ljete na e-po\u0161tni naslov:\u00a0 <strong>handmade.bucisu@gmail.com<\/strong>.<\/p>\n\n\n\n<p>Postopek obravnave prito\u017ebe je zaupen.<\/p>\n\n\n\n<div class=\"wp-block-uagb-advanced-heading uagb-block-47ea379b\"><h2 class=\"uagb-heading-text\"><strong><strong>Izvensodno re\u0161evanje potro\u0161ni\u0161kih sporov<\/strong><\/strong><\/h2><\/div>\n\n\n\n<p>Skladno z dolo\u010dbami Zakona o izvensodnem re\u0161evanju potro\u0161ni\u0161kih sporov (ZIsRPS) podjetje <strong>Suzana Opre\u0161nik s.p.<\/strong>\u00a0ne priznava nobenega izvajalca IRPS kot pristojnega za re\u0161evanje potro\u0161ni\u0161kih sporov.<\/p>\n\n\n\n<p>Kot ponudnik spletne trgovine podjetje na svoji spletni strani objavlja povezavo do platforme za spletno re\u0161evanje potro\u0161ni\u0161kih sporov (SRPS), ki je dostopna na naslovu: <a href=\"http:\/\/ec.europa.eu\/odr\"><u>http:\/\/ec.europa.eu\/odr<\/u><\/a><\/p>\n\n\n\n<p>Pravno obvestilo velja od <strong>26.01.2026 dalje<\/strong>.<\/p>","protected":false},"excerpt":{"rendered":"<p>Limitation of Liability The seller strives to ensure that the information published on the website handmadebucisu.com\u00a0is accurate and up to date. However, product characteristics, delivery times, or prices may change before the information on the website is updated accordingly. In such cases, the customer will be informed of the changes and will be given the [&hellip;]<\/p>\n","protected":false},"author":1,"featured_media":0,"parent":0,"menu_order":0,"comment_status":"closed","ping_status":"closed","template":"","meta":{"_uag_custom_page_level_css":"","site-sidebar-layout":"default","site-content-layout":"","ast-site-content-layout":"default","site-content-style":"default","site-sidebar-style":"default","ast-global-header-display":"","ast-banner-title-visibility":"","ast-main-header-display":"","ast-hfb-above-header-display":"","ast-hfb-below-header-display":"","ast-hfb-mobile-header-display":"","site-post-title":"","ast-breadcrumbs-content":"","ast-featured-img":"","footer-sml-layout":"","theme-transparent-header-meta":"","adv-header-id-meta":"","stick-header-meta":"","header-above-stick-meta":"","header-main-stick-meta":"","header-below-stick-meta":"","astra-migrate-meta-layouts":"set","ast-page-background-enabled":"default","ast-page-background-meta":{"desktop":{"background-color":"var(--ast-global-color-4)","background-image":"","background-repeat":"repeat","background-position":"center center","background-size":"auto","background-attachment":"scroll","background-type":"","background-media":"","overlay-type":"","overlay-color":"","overlay-opacity":"","overlay-gradient":""},"tablet":{"background-color":"","background-image":"","background-repeat":"repeat","background-position":"center center","background-size":"auto","background-attachment":"scroll","background-type":"","background-media":"","overlay-type":"","overlay-color":"","overlay-opacity":"","overlay-gradient":""},"mobile":{"background-color":"","background-image":"","background-repeat":"repeat","background-position":"center center","background-size":"auto","background-attachment":"scroll","background-type":"","background-media":"","overlay-type":"","overlay-color":"","overlay-opacity":"","overlay-gradient":""}},"ast-content-background-meta":{"desktop":{"background-color":"var(--ast-global-color-5)","background-image":"","background-repeat":"repeat","background-position":"center center","background-size":"auto","background-attachment":"scroll","background-type":"","background-media":"","overlay-type":"","overlay-color":"","overlay-opacity":"","overlay-gradient":""},"tablet":{"background-color":"var(--ast-global-color-5)","background-image":"","background-repeat":"repeat","background-position":"center center","background-size":"auto","background-attachment":"scroll","background-type":"","background-media":"","overlay-type":"","overlay-color":"","overlay-opacity":"","overlay-gradient":""},"mobile":{"background-color":"var(--ast-global-color-5)","background-image":"","background-repeat":"repeat","background-position":"center center","background-size":"auto","background-attachment":"scroll","background-type":"","background-media":"","overlay-type":"","overlay-color":"","overlay-opacity":"","overlay-gradient":""}},"footnotes":""},"class_list":["post-1353","page","type-page","status-publish","hentry"],"uagb_featured_image_src":{"full":false,"thumbnail":false,"medium":false,"medium_large":false,"large":false,"1536x1536":false,"2048x2048":false,"trp-custom-language-flag":false,"mailpoet_newsletter_max":false,"woocommerce_thumbnail":false,"woocommerce_single":false,"woocommerce_gallery_thumbnail":false},"uagb_author_info":{"display_name":"bucisu","author_link":"https:\/\/www.handmadebucisu.com\/sl\/author\/bucisu\/"},"uagb_comment_info":0,"uagb_excerpt":"Limitation of Liability The seller strives to ensure that the information published on the website handmadebucisu.com\u00a0is accurate and up to date. However, product characteristics, delivery times, or prices may change before the information on the website is updated accordingly. In such cases, the customer will be informed of the changes and will be given the&hellip;","_links":{"self":[{"href":"https:\/\/www.handmadebucisu.com\/sl\/wp-json\/wp\/v2\/pages\/1353","targetHints":{"allow":["GET"]}}],"collection":[{"href":"https:\/\/www.handmadebucisu.com\/sl\/wp-json\/wp\/v2\/pages"}],"about":[{"href":"https:\/\/www.handmadebucisu.com\/sl\/wp-json\/wp\/v2\/types\/page"}],"author":[{"embeddable":true,"href":"https:\/\/www.handmadebucisu.com\/sl\/wp-json\/wp\/v2\/users\/1"}],"replies":[{"embeddable":true,"href":"https:\/\/www.handmadebucisu.com\/sl\/wp-json\/wp\/v2\/comments?post=1353"}],"version-history":[{"count":12,"href":"https:\/\/www.handmadebucisu.com\/sl\/wp-json\/wp\/v2\/pages\/1353\/revisions"}],"predecessor-version":[{"id":1954,"href":"https:\/\/www.handmadebucisu.com\/sl\/wp-json\/wp\/v2\/pages\/1353\/revisions\/1954"}],"wp:attachment":[{"href":"https:\/\/www.handmadebucisu.com\/sl\/wp-json\/wp\/v2\/media?parent=1353"}],"curies":[{"name":"wp","href":"https:\/\/api.w.org\/{rel}","templated":true}]}}