{"id":329,"date":"2024-12-07T15:36:28","date_gmt":"2024-12-07T15:36:28","guid":{"rendered":"https:\/\/www.handmadebucisu.com\/about\/"},"modified":"2025-11-27T10:40:13","modified_gmt":"2025-11-27T10:40:13","slug":"about","status":"publish","type":"page","link":"https:\/\/www.handmadebucisu.com\/sl\/about\/","title":{"rendered":"About"},"content":{"rendered":"<div class=\"wp-block-uagb-container uagb-block-51e89b1a alignfull uagb-is-root-container\"><div class=\"uagb-container-inner-blocks-wrap\">\n<div class=\"wp-block-uagb-advanced-heading uagb-block-0a1971f0\"><h1 class=\"uagb-heading-text\"><strong>Skrbno ustvarjeno \u2013 pristno, unikatno in z mislijo na vsak detajl.<\/strong><\/h1><\/div>\n<\/div><\/div>\n\n\n\n<div class=\"wp-block-uagb-container uagb-block-81d1cc2b alignfull uagb-is-root-container\"><div class=\"uagb-container-inner-blocks-wrap\">\n<div class=\"wp-block-uagb-container uagb-layout-grid uagb-block-9a653ba2\">\n<div class=\"wp-block-group is-vertical is-nowrap is-layout-flex wp-container-core-group-is-layout-6fe931d8 wp-block-group-is-layout-flex\">\n<div class=\"wp-block-uagb-advanced-heading uagb-block-2f729015\"><h6 class=\"uagb-heading-text\"><strong>Simbolika logotipa BuciSu<\/strong><br><\/h6><\/div>\n\n\n\n<div class=\"wp-block-uagb-image uagb-block-1535803b wp-block-uagb-image--layout-default wp-block-uagb-image--effect-static wp-block-uagb-image--align-none\"><figure class=\"wp-block-uagb-image__figure\"><img decoding=\"async\" srcset=\"https:\/\/www.handmadebucisu.com\/wp-content\/uploads\/2024\/10\/Logotip-BuciSu.png ,https:\/\/www.handmadebucisu.com\/wp-content\/uploads\/2024\/10\/Logotip-BuciSu.png 780w, https:\/\/www.handmadebucisu.com\/wp-content\/uploads\/2024\/10\/Logotip-BuciSu.png 360w\" sizes=\"auto, (max-width: 480px) 150px\" src=\"https:\/\/www.handmadebucisu.com\/wp-content\/uploads\/2024\/10\/Logotip-BuciSu.png\" alt=\"\" class=\"uag-image-6\" width=\"244\" height=\"129\" title=\"Logotip BuciSu\" loading=\"lazy\" role=\"img\"\/><\/figure><\/div>\n<\/div>\n\n\n\n<div class=\"wp-block-uagb-advanced-heading uagb-block-c67a2514\"><p class=\"uagb-desc-text\">Logo <strong>BuciSu<\/strong>&nbsp;nosi poseben osebni in simbolni pomen. <strong>Je ro\u010dno napisan in ro\u010dno narisan<\/strong>. Ime je sestavljeno iz dveh delov:<br><strong>Buci<\/strong>&nbsp;- je okraj\u0161ana oblika slovenske besede <em>bucika<\/em>&nbsp;(eng. pin with a ball head). Slovenski jezik ima za ta pripomo\u010dek prav posebno besedo, kar me je navdihnilo pri izbiri imena.<br><strong>Su<\/strong>&nbsp;\u2013 ima dvojni pomen. Latinska beseda <em>sutura<\/em>&nbsp;pomeni \u0161iv, hkrati pa predstvalja okraj\u0161avo mojega imena, Suzana. Tako logo <strong>BuciSu<\/strong>&nbsp;zdru\u017euje <strong>\u0161ivanje, ustvarjalnost in osebno zgodbo<\/strong>&nbsp;v eno celoto.<br><strong>Metulj kot simbol<\/strong> \u2013 <strong>ro\u010dno narisan metulj<\/strong>&nbsp;je prav tako del logotipa in zame nosi poseben pomen. \u017de od malega me metulji navdihujejo. V srednji \u0161oli sem dobila vzdevek <em>metulj - metulj\u010dica<\/em>. Njihova lahkotnost, preobrazba in lepota so me vedno o\u010darali, zato sem ga vklju\u010dila v svojo vizualno identiteto.<\/p><\/div>\n<\/div>\n<\/div><\/div>\n\n\n\n<div class=\"wp-block-uagb-container uagb-block-8a27acc1 alignfull uagb-is-root-container\"><div class=\"uagb-container-inner-blocks-wrap\">\n<div class=\"wp-block-uagb-info-box uagb-block-47ef9bcd uagb-infobox__content-wrap  uagb-infobox-icon-above-title uagb-infobox-image-valign-top\"><div class=\"uagb-ifb-content\"><div class=\"uagb-ifb-title-wrap\"><h1 class=\"uagb-ifb-title-prefix\">Vsak izdelek nosi svojo zgodbo<\/h1><h2 class=\"uagb-ifb-title\"><strong>Zapisano v barvah, nitih, detajlih in uporabnosti.<\/strong><\/h2><\/div><\/div><\/div>\n<\/div><\/div>\n\n\n\n<div class=\"wp-block-uagb-container uagb-block-e1c2ea49 alignfull uagb-is-root-container\"><div class=\"uagb-container-inner-blocks-wrap\">\n<div class=\"wp-block-uagb-container uagb-layout-grid uagb-block-d1e277a5\">\n<div class=\"wp-block-uagb-advanced-heading uagb-block-2d417207\"><h6 class=\"uagb-heading-text\">O meni<\/h6><\/div>\n\n\n\n<div class=\"wp-block-uagb-advanced-heading uagb-block-e2195279\"><p class=\"uagb-desc-text\">Sem Suzana, diplomirana delovna terapevtka, po srcu pa ustvarjalka.\nLjubezen do \u0161ivanja se je rodila med \u0161tudijsko prakso, ko sem prvi\u010d ustvarjala kompresijska obla\u010dila in rokavice po meri.\nTa izku\u0161nja me je navdihnila in mi odprla vrata v svet \u0161ivanja. Svet, v katerem danes najdem svoj mir, veselje in prilo\u017enost, da svojo ustvarjalnost prenesem v vsak \u0161iv.<br>\u0160ivanje mi pomeni veliko ve\u010d kot le hobi. Je moj na\u010din izra\u017eanja, moj trenutek sprostitve in prilo\u017enost, da razveselim druge.\nVerjamem, da vsak izdelek, ki ga ustvarim, nosi svojo edinstveno zgodbo, prilagojeno \u017eeljam in potrebam posameznika.<br>Naj bo to unikaten izdelek ali manj\u0161e \u0161iviljsko popravilo. Z veseljem ustvarjam zate in s teboj!<\/p><\/div>\n<\/div>\n<\/div><\/div>\n\n\n\n<div class=\"wp-block-uagb-container uagb-block-1d4e123a alignfull uagb-is-root-container\"><div class=\"uagb-container-inner-blocks-wrap\">\n<div class=\"wp-block-uagb-info-box uagb-block-53541540 uagb-infobox__content-wrap  uagb-infobox-icon-above-title uagb-infobox-image-valign-top\"><div class=\"uagb-ifb-content\"><div class=\"uagb-ifb-title-wrap\"><h1 class=\"uagb-ifb-title-prefix\">Skrbno izbrani materiali<\/h1><h2 class=\"uagb-ifb-title\"><strong>Za ob\u010dutek topline, udobja in kakovosti.<\/strong><\/h2><\/div><\/div><\/div>\n<\/div><\/div>\n\n\n\n<div class=\"wp-block-uagb-container uagb-block-a05e7214 alignfull uagb-is-root-container\"><div class=\"uagb-container-inner-blocks-wrap\">\n<div class=\"wp-block-uagb-container uagb-layout-grid uagb-block-a2c6cfd6\">\n<div class=\"wp-block-uagb-advanced-heading uagb-block-1ac80494\"><h6 class=\"uagb-heading-text\">Kako se je za\u010dela zgodba BuciSu?<\/h6><\/div>\n\n\n\n<p>V osnovni \u0161oli sem pogosto z zanimanjem opazovala \u0161ivalni stroj, a se takrat in tudi kasneje \u0161ivanju \u0161e nisem posvetila.\nMed prakso pri delovni terapiji sem se prvi\u010d sre\u010dala s \u0161ivanjem kompresijskih obla\u010dil in rokavic po meri. Takrat sem bila dobesedno potisnjena v izdelavo ne\u010desa, kar je pomagalo ljudem.\nTa izku\u0161nja je v meni prebudila ustvarjalno \u017eeljo, ki jo negujem in nadgrajujem iz leta v leto.<br>Sprva sem si izposodila mamin \u0161ivalni stroj, ki me je \u017ee od otro\u0161tva navdu\u0161eval, in za\u010dela \u0161ivati svoje prve okrasne blazine ter popravljati obla\u010dila.\nKo pa sem za bo\u017ei\u010dno darilo od dragih ljudi prejela svoj \u0161ivalni stroj, se mi je odprl nov svet.\nNavdu\u0161uje me misel, da lahko iz kosa blaga, od prvega reza do kon\u010dnega izdelka, sama ustvarim nekaj uporabnega.<br>Tako so nastali moji prvi izdelki \u2013 majhne pozornosti, ki sem jih z veseljem delila s prijatelji in bli\u017enjimi.\nDanes pa sem se odlo\u010dila, da svojo ustvarjalnost delim naprej, z vsemi, ki v mojih izdelkih za\u010dutijo del te zgodbe.<\/p>\n<\/div>\n\n\n\n<div class=\"wp-block-uagb-container uagb-layout-grid uagb-block-34ccc8b8\"><\/div>\n<\/div><\/div>\n\n\n\n<div class=\"wp-block-uagb-container uagb-block-dd938b3f alignfull uagb-is-root-container\"><div class=\"uagb-container-inner-blocks-wrap\">\n<div class=\"wp-block-uagb-info-box uagb-block-fb459d06 uagb-infobox__content-wrap  uagb-infobox-icon-above-title uagb-infobox-image-valign-top\"><div class=\"uagb-ifb-content\"><div class=\"uagb-ifb-title-wrap\"><h1 class=\"uagb-ifb-title-prefix\">BuciSu<\/h1><h2 class=\"uagb-ifb-title\"><strong>Uporabni se\u0161iti izdelki za vsakdan ali kot darilo iz srca.<\/strong><\/h2><\/div><div class=\"uagb-ifb-button-wrapper wp-block-button\"><a href=\"https:\/\/www.handmadebucisu.com\/sl\/shop\/\" class=\"uagb-infobox-cta-link wp-block-button__link\" target=\"_self\" rel=\"noopener noreferrer\" onclick=\"return true;\"><span class=\"uagb-inline-editing\">V TRGOVINO<\/span><\/a><\/div><\/div><\/div>\n<\/div><\/div>","protected":false},"excerpt":{"rendered":"<p>Handmade with Authenticity, Uniqueness, and Attention to Detail. Meaning of the BuciSu Logo The BuciSu&nbsp;logo carries a special personal and symbolic meaning. Is handwritten and hand-drawn. The name consists of two parts:Buci&nbsp;\u2013 is a shortened version of the Slovenian word bucika&nbsp;(eng. pin with a ball head). The Slovenian language has a unique word for this [&hellip;]<\/p>\n","protected":false},"author":1,"featured_media":0,"parent":0,"menu_order":3,"comment_status":"closed","ping_status":"closed","template":"","meta":{"_uag_custom_page_level_css":"","site-sidebar-layout":"no-sidebar","site-content-layout":"page-builder","ast-site-content-layout":"full-width-container","site-content-style":"unboxed","site-sidebar-style":"unboxed","ast-global-header-display":"","ast-banner-title-visibility":"","ast-main-header-display":"","ast-hfb-above-header-display":"","ast-hfb-below-header-display":"","ast-hfb-mobile-header-display":"","site-post-title":"disabled","ast-breadcrumbs-content":"","ast-featured-img":"disabled","footer-sml-layout":"","theme-transparent-header-meta":"","adv-header-id-meta":"","stick-header-meta":"","header-above-stick-meta":"","header-main-stick-meta":"","header-below-stick-meta":"","astra-migrate-meta-layouts":"set","ast-page-background-enabled":"default","ast-page-background-meta":{"desktop":{"background-color":"var(--ast-global-color-4)","background-image":"","background-repeat":"repeat","background-position":"center center","background-size":"auto","background-attachment":"scroll","background-type":"","background-media":"","overlay-type":"","overlay-color":"","overlay-opacity":"","overlay-gradient":""},"tablet":{"background-color":"","background-image":"","background-repeat":"repeat","background-position":"center center","background-size":"auto","background-attachment":"scroll","background-type":"","background-media":"","overlay-type":"","overlay-color":"","overlay-opacity":"","overlay-gradient":""},"mobile":{"background-color":"","background-image":"","background-repeat":"repeat","background-position":"center center","background-size":"auto","background-attachment":"scroll","background-type":"","background-media":"","overlay-type":"","overlay-color":"","overlay-opacity":"","overlay-gradient":""}},"ast-content-background-meta":{"desktop":{"background-color":"var(--ast-global-color-5)","background-image":"","background-repeat":"repeat","background-position":"center center","background-size":"auto","background-attachment":"scroll","background-type":"","background-media":"","overlay-type":"","overlay-color":"","overlay-opacity":"","overlay-gradient":""},"tablet":{"background-color":"var(--ast-global-color-5)","background-image":"","background-repeat":"repeat","background-position":"center center","background-size":"auto","background-attachment":"scroll","background-type":"","background-media":"","overlay-type":"","overlay-color":"","overlay-opacity":"","overlay-gradient":""},"mobile":{"background-color":"var(--ast-global-color-5)","background-image":"","background-repeat":"repeat","background-position":"center center","background-size":"auto","background-attachment":"scroll","background-type":"","background-media":"","overlay-type":"","overlay-color":"","overlay-opacity":"","overlay-gradient":""}},"footnotes":""},"class_list":["post-329","page","type-page","status-publish","hentry"],"uagb_featured_image_src":{"full":false,"thumbnail":false,"medium":false,"medium_large":false,"large":false,"1536x1536":false,"2048x2048":false,"trp-custom-language-flag":false,"mailpoet_newsletter_max":false,"woocommerce_thumbnail":false,"woocommerce_single":false,"woocommerce_gallery_thumbnail":false},"uagb_author_info":{"display_name":"bucisu","author_link":"https:\/\/www.handmadebucisu.com\/sl\/author\/bucisu\/"},"uagb_comment_info":0,"uagb_excerpt":"Handmade with Authenticity, Uniqueness, and Attention to Detail. Meaning of the BuciSu Logo The BuciSu&nbsp;logo carries a special personal and symbolic meaning. Is handwritten and hand-drawn. The name consists of two parts:Buci&nbsp;\u2013 is a shortened version of the Slovenian word bucika&nbsp;(eng. pin with a ball head). The Slovenian language has a unique word for this&hellip;","_links":{"self":[{"href":"https:\/\/www.handmadebucisu.com\/sl\/wp-json\/wp\/v2\/pages\/329","targetHints":{"allow":["GET"]}}],"collection":[{"href":"https:\/\/www.handmadebucisu.com\/sl\/wp-json\/wp\/v2\/pages"}],"about":[{"href":"https:\/\/www.handmadebucisu.com\/sl\/wp-json\/wp\/v2\/types\/page"}],"author":[{"embeddable":true,"href":"https:\/\/www.handmadebucisu.com\/sl\/wp-json\/wp\/v2\/users\/1"}],"replies":[{"embeddable":true,"href":"https:\/\/www.handmadebucisu.com\/sl\/wp-json\/wp\/v2\/comments?post=329"}],"version-history":[{"count":71,"href":"https:\/\/www.handmadebucisu.com\/sl\/wp-json\/wp\/v2\/pages\/329\/revisions"}],"predecessor-version":[{"id":1874,"href":"https:\/\/www.handmadebucisu.com\/sl\/wp-json\/wp\/v2\/pages\/329\/revisions\/1874"}],"wp:attachment":[{"href":"https:\/\/www.handmadebucisu.com\/sl\/wp-json\/wp\/v2\/media?parent=329"}],"curies":[{"name":"wp","href":"https:\/\/api.w.org\/{rel}","templated":true}]}}