{"id":1528,"date":"2025-11-10T18:08:06","date_gmt":"2025-11-10T18:08:06","guid":{"rendered":"https:\/\/www.handmadebucisu.com\/?post_type=product&#038;p=1528"},"modified":"2026-03-02T19:57:25","modified_gmt":"2026-03-02T19:57:25","slug":"patchwork-bookmark","status":"publish","type":"product","link":"https:\/\/www.handmadebucisu.com\/sl\/izdelek\/patchwork-bookmark\/","title":{"rendered":"Patchwork knji\u017ena kazala"},"content":{"rendered":"<p>Za vse ljubitelje knjig, ki u\u017eivajo v pridihu barv in ustvarjalnosti.\nMoja skrbno izdelana patchwork knji\u017ena kazala so sestavljena iz skrbno izbranih ko\u0161\u010dkov blaga, ki se poigravajo s kontrasti, harmonijo in dopolnjujo\u010dimi se odtenki.\nVsak kos je edinstven . Majhna zgodba, pripovedovana skozi blago in nit.<\/p>\n<p><strong data-start=\"623\" data-end=\"659\">Zakaj izbrati Patchwork knji\u017eno kazalo?<\/strong><\/p>\n<ul>\n<li>Handmade and unique in every detail<\/li>\n<li>Creative mix of colors and textures<\/li>\n<li>Trpe\u017ena in dolgotrajna.<\/li>\n<li>A lovely and thoughtful gift for every reader<\/li>\n<\/ul>\n<p>V branje vnesi iskrico barv in ustvarjalnosti . Vsako kazalo pripoveduje svojo zgodbo, skrbno v\u0161ito v vsak \u0161iv.<\/p>","protected":false},"excerpt":{"rendered":"<p>\u010caroben spremljevalec vsake bralne pustolov\u0161\u010dine.<\/p>\n<p>&nbsp;<\/p>","protected":false},"featured_media":1753,"comment_status":"open","ping_status":"closed","template":"","meta":{"_uag_custom_page_level_css":"","site-sidebar-layout":"default","site-content-layout":"default","ast-site-content-layout":"default","site-content-style":"default","site-sidebar-style":"default","ast-global-header-display":"","ast-banner-title-visibility":"","ast-main-header-display":"","ast-hfb-above-header-display":"","ast-hfb-below-header-display":"","ast-hfb-mobile-header-display":"","site-post-title":"","ast-breadcrumbs-content":"","ast-featured-img":"","footer-sml-layout":"","theme-transparent-header-meta":"default","adv-header-id-meta":"","stick-header-meta":"","header-above-stick-meta":"","header-main-stick-meta":"","header-below-stick-meta":"","astra-migrate-meta-layouts":"set","ast-page-background-enabled":"default","ast-page-background-meta":{"desktop":{"background-color":"var(--ast-global-color-4)","background-image":"","background-repeat":"repeat","background-position":"center center","background-size":"auto","background-attachment":"scroll","background-type":"","background-media":"","overlay-type":"","overlay-color":"","overlay-opacity":"","overlay-gradient":""},"tablet":{"background-color":"","background-image":"","background-repeat":"repeat","background-position":"center center","background-size":"auto","background-attachment":"scroll","background-type":"","background-media":"","overlay-type":"","overlay-color":"","overlay-opacity":"","overlay-gradient":""},"mobile":{"background-color":"","background-image":"","background-repeat":"repeat","background-position":"center center","background-size":"auto","background-attachment":"scroll","background-type":"","background-media":"","overlay-type":"","overlay-color":"","overlay-opacity":"","overlay-gradient":""}},"ast-content-background-meta":{"desktop":{"background-color":"var(--ast-global-color-5)","background-image":"","background-repeat":"repeat","background-position":"center center","background-size":"auto","background-attachment":"scroll","background-type":"","background-media":"","overlay-type":"","overlay-color":"","overlay-opacity":"","overlay-gradient":""},"tablet":{"background-color":"var(--ast-global-color-5)","background-image":"","background-repeat":"repeat","background-position":"center center","background-size":"auto","background-attachment":"scroll","background-type":"","background-media":"","overlay-type":"","overlay-color":"","overlay-opacity":"","overlay-gradient":""},"mobile":{"background-color":"var(--ast-global-color-5)","background-image":"","background-repeat":"repeat","background-position":"center center","background-size":"auto","background-attachment":"scroll","background-type":"","background-media":"","overlay-type":"","overlay-color":"","overlay-opacity":"","overlay-gradient":""}}},"product_brand":[],"product_cat":[27],"product_tag":[],"class_list":{"0":"post-1528","1":"product","2":"type-product","3":"status-publish","4":"has-post-thumbnail","6":"product_cat-various-accessories","7":"desktop-align-left","8":"tablet-align-left","9":"mobile-align-left","11":"first","12":"instock","13":"shipping-taxable","14":"purchasable","15":"product-type-variable"},"uagb_featured_image_src":{"full":["https:\/\/www.handmadebucisu.com\/wp-content\/uploads\/2025\/11\/patchwork_knjizno_kazalo_cover.jpg",653,652,false],"thumbnail":["https:\/\/www.handmadebucisu.com\/wp-content\/uploads\/2025\/11\/patchwork_knjizno_kazalo_cover-150x150.jpg",150,150,true],"medium":["https:\/\/www.handmadebucisu.com\/wp-content\/uploads\/2025\/11\/patchwork_knjizno_kazalo_cover-300x300.jpg",300,300,true],"medium_large":["https:\/\/www.handmadebucisu.com\/wp-content\/uploads\/2025\/11\/patchwork_knjizno_kazalo_cover.jpg",653,652,false],"large":["https:\/\/www.handmadebucisu.com\/wp-content\/uploads\/2025\/11\/patchwork_knjizno_kazalo_cover.jpg",653,652,false],"1536x1536":["https:\/\/www.handmadebucisu.com\/wp-content\/uploads\/2025\/11\/patchwork_knjizno_kazalo_cover.jpg",653,652,false],"2048x2048":["https:\/\/www.handmadebucisu.com\/wp-content\/uploads\/2025\/11\/patchwork_knjizno_kazalo_cover.jpg",653,652,false],"trp-custom-language-flag":["https:\/\/www.handmadebucisu.com\/wp-content\/uploads\/2025\/11\/patchwork_knjizno_kazalo_cover-12x12.jpg",12,12,true],"mailpoet_newsletter_max":["https:\/\/www.handmadebucisu.com\/wp-content\/uploads\/2025\/11\/patchwork_knjizno_kazalo_cover.jpg",653,652,false],"woocommerce_thumbnail":["https:\/\/www.handmadebucisu.com\/wp-content\/uploads\/2025\/11\/patchwork_knjizno_kazalo_cover-300x300.jpg",300,300,true],"woocommerce_single":["https:\/\/www.handmadebucisu.com\/wp-content\/uploads\/2025\/11\/patchwork_knjizno_kazalo_cover-600x599.jpg",600,599,true],"woocommerce_gallery_thumbnail":["https:\/\/www.handmadebucisu.com\/wp-content\/uploads\/2025\/11\/patchwork_knjizno_kazalo_cover-100x100.jpg",100,100,true]},"uagb_author_info":{"display_name":"bucisu","author_link":"https:\/\/www.handmadebucisu.com\/sl\/author\/"},"uagb_comment_info":1,"uagb_excerpt":"If you're looking for something special for yourself or a thoughtful gift for a book lover, this bookmarks is the perfect blend of elegance and practicality\u2014 a charming companion for any reading adventure. &nbsp;","_links":{"self":[{"href":"https:\/\/www.handmadebucisu.com\/sl\/wp-json\/wp\/v2\/product\/1528","targetHints":{"allow":["GET"]}}],"collection":[{"href":"https:\/\/www.handmadebucisu.com\/sl\/wp-json\/wp\/v2\/product"}],"about":[{"href":"https:\/\/www.handmadebucisu.com\/sl\/wp-json\/wp\/v2\/types\/product"}],"replies":[{"embeddable":true,"href":"https:\/\/www.handmadebucisu.com\/sl\/wp-json\/wp\/v2\/comments?post=1528"}],"wp:featuredmedia":[{"embeddable":true,"href":"https:\/\/www.handmadebucisu.com\/sl\/wp-json\/wp\/v2\/media\/1753"}],"wp:attachment":[{"href":"https:\/\/www.handmadebucisu.com\/sl\/wp-json\/wp\/v2\/media?parent=1528"}],"wp:term":[{"taxonomy":"product_brand","embeddable":true,"href":"https:\/\/www.handmadebucisu.com\/sl\/wp-json\/wp\/v2\/product_brand?post=1528"},{"taxonomy":"product_cat","embeddable":true,"href":"https:\/\/www.handmadebucisu.com\/sl\/wp-json\/wp\/v2\/product_cat?post=1528"},{"taxonomy":"product_tag","embeddable":true,"href":"https:\/\/www.handmadebucisu.com\/sl\/wp-json\/wp\/v2\/product_tag?post=1528"}],"curies":[{"name":"wp","href":"https:\/\/api.w.org\/{rel}","templated":true}]}}