{"id":190,"date":"2024-10-07T15:36:29","date_gmt":"2024-10-07T15:36:29","guid":{"rendered":"https:\/\/www.handmadebucisu.com\/product\/ayurvedic-heart-tea-5\/"},"modified":"2025-11-30T06:39:27","modified_gmt":"2025-11-30T06:39:27","slug":"japanese-knot-handbag","status":"publish","type":"product","link":"https:\/\/www.handmadebucisu.com\/sl\/izdelek\/japanese-knot-handbag\/","title":{"rendered":"Torbica z japonskim vozlom"},"content":{"rendered":"<p data-start=\"59\" data-end=\"344\">Skrbno izdelana <strong data-start=\"74\" data-end=\"95\">torbica z japonskim vozlom<\/strong> zdru\u017euje preprostost, funkcionalnost in edinstven dizajn. Njena zna\u010dilnost je podalj\u0161an ro\u010daj, ki ga preprosto napelje\u0161 skozi odprtino in tako ustvari\u0161 vozel. Torbico lahko udobno nosi\u0161 na zapestju ali v roki.<\/p>\n<p data-start=\"346\" data-end=\"465\">Kljub elegantni obliki ponuja presenetljivo prostoren notranji del \u2013 popolna je za vsakodnevne potreb\u0161\u010dine.<\/p>\n<p data-start=\"467\" data-end=\"657\"><strong data-start=\"470\" data-end=\"505\">Zakaj izbrati torbico z japonskim vozlom?<\/strong><\/p>\n<ul>\n<li data-start=\"467\" data-end=\"657\">Skrbno izdelana iz kakovostnih materialov.<\/li>\n<li data-start=\"467\" data-end=\"657\">Preprost, a dovr\u0161en dizajn.<\/li>\n<li data-start=\"467\" data-end=\"657\">Lahko jo nosi\u0161 na zapestju ali v roki.<\/li>\n<li data-start=\"467\" data-end=\"657\">Prostorna in vsestransko uporabna.<\/li>\n<\/ul>\n<p data-start=\"659\" data-end=\"765\" data-is-last-node=\"\" data-is-only-node=\"\">Popolna izbira za vsakogar, ki i\u0161\u010de prakti\u010dno, a hkrati elegantno torbico za vsak dan ali posebne prilo\u017enosti!<\/p>","protected":false},"excerpt":{"rendered":"<p>Popolna izbira za vsakogar, ki i\u0161\u010de prakti\u010dno, a hkrati elegantno torbico za vsak dan ali posebne prilo\u017enosti!<\/p>","protected":false},"featured_media":1800,"comment_status":"open","ping_status":"closed","template":"","meta":{"_uag_custom_page_level_css":"","site-sidebar-layout":"default","site-content-layout":"default","ast-site-content-layout":"default","site-content-style":"default","site-sidebar-style":"default","ast-global-header-display":"","ast-banner-title-visibility":"","ast-main-header-display":"","ast-hfb-above-header-display":"","ast-hfb-below-header-display":"","ast-hfb-mobile-header-display":"","site-post-title":"","ast-breadcrumbs-content":"","ast-featured-img":"","footer-sml-layout":"","theme-transparent-header-meta":"default","adv-header-id-meta":"","stick-header-meta":"","header-above-stick-meta":"","header-main-stick-meta":"","header-below-stick-meta":"","astra-migrate-meta-layouts":"set","ast-page-background-enabled":"default","ast-page-background-meta":{"desktop":{"background-color":"var(--ast-global-color-4)","background-image":"","background-repeat":"repeat","background-position":"center center","background-size":"auto","background-attachment":"scroll","background-type":"","background-media":"","overlay-type":"","overlay-color":"","overlay-opacity":"","overlay-gradient":""},"tablet":{"background-color":"","background-image":"","background-repeat":"repeat","background-position":"center center","background-size":"auto","background-attachment":"scroll","background-type":"","background-media":"","overlay-type":"","overlay-color":"","overlay-opacity":"","overlay-gradient":""},"mobile":{"background-color":"","background-image":"","background-repeat":"repeat","background-position":"center center","background-size":"auto","background-attachment":"scroll","background-type":"","background-media":"","overlay-type":"","overlay-color":"","overlay-opacity":"","overlay-gradient":""}},"ast-content-background-meta":{"desktop":{"background-color":"var(--ast-global-color-5)","background-image":"","background-repeat":"repeat","background-position":"center center","background-size":"auto","background-attachment":"scroll","background-type":"","background-media":"","overlay-type":"","overlay-color":"","overlay-opacity":"","overlay-gradient":""},"tablet":{"background-color":"var(--ast-global-color-5)","background-image":"","background-repeat":"repeat","background-position":"center center","background-size":"auto","background-attachment":"scroll","background-type":"","background-media":"","overlay-type":"","overlay-color":"","overlay-opacity":"","overlay-gradient":""},"mobile":{"background-color":"var(--ast-global-color-5)","background-image":"","background-repeat":"repeat","background-position":"center center","background-size":"auto","background-attachment":"scroll","background-type":"","background-media":"","overlay-type":"","overlay-color":"","overlay-opacity":"","overlay-gradient":""}}},"product_brand":[],"product_cat":[28],"product_tag":[],"class_list":{"0":"post-190","1":"product","2":"type-product","3":"status-publish","4":"has-post-thumbnail","6":"product_cat-bags-and-small-accessories","7":"desktop-align-left","8":"tablet-align-left","9":"mobile-align-left","11":"first","12":"instock","13":"shipping-taxable","14":"purchasable","15":"product-type-variable"},"uagb_featured_image_src":{"full":["https:\/\/www.handmadebucisu.com\/wp-content\/uploads\/2024\/10\/japonska_torbica_cover_4.jpg",900,900,false],"thumbnail":["https:\/\/www.handmadebucisu.com\/wp-content\/uploads\/2024\/10\/japonska_torbica_cover_4-150x150.jpg",150,150,true],"medium":["https:\/\/www.handmadebucisu.com\/wp-content\/uploads\/2024\/10\/japonska_torbica_cover_4-300x300.jpg",300,300,true],"medium_large":["https:\/\/www.handmadebucisu.com\/wp-content\/uploads\/2024\/10\/japonska_torbica_cover_4-768x768.jpg",768,768,true],"large":["https:\/\/www.handmadebucisu.com\/wp-content\/uploads\/2024\/10\/japonska_torbica_cover_4.jpg",900,900,false],"1536x1536":["https:\/\/www.handmadebucisu.com\/wp-content\/uploads\/2024\/10\/japonska_torbica_cover_4.jpg",900,900,false],"2048x2048":["https:\/\/www.handmadebucisu.com\/wp-content\/uploads\/2024\/10\/japonska_torbica_cover_4.jpg",900,900,false],"trp-custom-language-flag":["https:\/\/www.handmadebucisu.com\/wp-content\/uploads\/2024\/10\/japonska_torbica_cover_4-12x12.jpg",12,12,true],"mailpoet_newsletter_max":["https:\/\/www.handmadebucisu.com\/wp-content\/uploads\/2024\/10\/japonska_torbica_cover_4.jpg",900,900,false],"woocommerce_thumbnail":["https:\/\/www.handmadebucisu.com\/wp-content\/uploads\/2024\/10\/japonska_torbica_cover_4-300x300.jpg",300,300,true],"woocommerce_single":["https:\/\/www.handmadebucisu.com\/wp-content\/uploads\/2024\/10\/japonska_torbica_cover_4-600x600.jpg",600,600,true],"woocommerce_gallery_thumbnail":["https:\/\/www.handmadebucisu.com\/wp-content\/uploads\/2024\/10\/japonska_torbica_cover_4-100x100.jpg",100,100,true]},"uagb_author_info":{"display_name":"bucisu","author_link":"https:\/\/www.handmadebucisu.com\/sl\/author\/"},"uagb_comment_info":0,"uagb_excerpt":"A perfect choice for anyone looking for a practical yet stylish bag for everyday use or special occasions!","_links":{"self":[{"href":"https:\/\/www.handmadebucisu.com\/sl\/wp-json\/wp\/v2\/product\/190","targetHints":{"allow":["GET"]}}],"collection":[{"href":"https:\/\/www.handmadebucisu.com\/sl\/wp-json\/wp\/v2\/product"}],"about":[{"href":"https:\/\/www.handmadebucisu.com\/sl\/wp-json\/wp\/v2\/types\/product"}],"replies":[{"embeddable":true,"href":"https:\/\/www.handmadebucisu.com\/sl\/wp-json\/wp\/v2\/comments?post=190"}],"wp:featuredmedia":[{"embeddable":true,"href":"https:\/\/www.handmadebucisu.com\/sl\/wp-json\/wp\/v2\/media\/1800"}],"wp:attachment":[{"href":"https:\/\/www.handmadebucisu.com\/sl\/wp-json\/wp\/v2\/media?parent=190"}],"wp:term":[{"taxonomy":"product_brand","embeddable":true,"href":"https:\/\/www.handmadebucisu.com\/sl\/wp-json\/wp\/v2\/product_brand?post=190"},{"taxonomy":"product_cat","embeddable":true,"href":"https:\/\/www.handmadebucisu.com\/sl\/wp-json\/wp\/v2\/product_cat?post=190"},{"taxonomy":"product_tag","embeddable":true,"href":"https:\/\/www.handmadebucisu.com\/sl\/wp-json\/wp\/v2\/product_tag?post=190"}],"curies":[{"name":"wp","href":"https:\/\/api.w.org\/{rel}","templated":true}]}}