{"id":191,"date":"2024-10-07T15:36:29","date_gmt":"2024-10-07T15:36:29","guid":{"rendered":"https:\/\/www.handmadebucisu.com\/product\/ayurvedic-heart-tea-6\/"},"modified":"2025-11-30T06:40:03","modified_gmt":"2025-11-30T06:40:03","slug":"lavander-sachets","status":"publish","type":"product","link":"https:\/\/www.handmadebucisu.com\/sl\/izdelek\/lavander-sachets\/","title":{"rendered":"Sivkina vre\u010dka"},"content":{"rendered":"<p>Naravna di\u0161ava, ki v tvoj dom prina\u0161a toplino, sprostitev in za\u0161\u010dito tvojih obla\u010dil.\nMoje skrbno se\u0161ite sivkine vre\u010dke so napolnjene s skrbno izbrano posu\u0161eno sivko, ki ne\u017eno odi\u0161avi tvoj prostor, obla\u010dila in posteljnino ter naravno odvra\u010da molje.\nSivka je znana po svojih pomirjevalnih lastnostih, zato so te vre\u010dke popolne za sprostitev in bolj\u0161i spanec.<\/p>\n<p><strong>Kako jih lahko uporabi\u0161?<\/strong><\/p>\n<ul>\n<li>Kot naravno di\u0161avo za omare, torbico, avto ali prostor.<\/li>\n<li>Za pomirjujo\u010d u\u010dinek ob postelji ali na delovni mizi.<\/li>\n<li>Kot naravno za\u0161\u010dito pred molji v garderobi.<\/li>\n<li>Kot \u010dudovito darilo za ljubitelje naravnih izdelkov.<\/li>\n<\/ul>\n<p>Ro\u010dno se\u0161ita Azuma vre\u010da iz naravnih materialov z notranjim blagom iz recikliranega bomba\u017ea za zra\u010dno shranjevanje kruha.<\/p>","protected":false},"excerpt":{"rendered":"<p>Skrbno se\u0161ite sivkine vre\u010dke so napolnjene s skrbno izbrano posu\u0161eno sivko, pridelano v Sloveniji.<\/p>","protected":false},"featured_media":1754,"comment_status":"open","ping_status":"closed","template":"","meta":{"_uag_custom_page_level_css":"","site-sidebar-layout":"default","site-content-layout":"default","ast-site-content-layout":"default","site-content-style":"default","site-sidebar-style":"default","ast-global-header-display":"","ast-banner-title-visibility":"","ast-main-header-display":"","ast-hfb-above-header-display":"","ast-hfb-below-header-display":"","ast-hfb-mobile-header-display":"","site-post-title":"","ast-breadcrumbs-content":"","ast-featured-img":"","footer-sml-layout":"","theme-transparent-header-meta":"default","adv-header-id-meta":"","stick-header-meta":"","header-above-stick-meta":"","header-main-stick-meta":"","header-below-stick-meta":"","astra-migrate-meta-layouts":"set","ast-page-background-enabled":"default","ast-page-background-meta":{"desktop":{"background-color":"var(--ast-global-color-4)","background-image":"","background-repeat":"repeat","background-position":"center center","background-size":"auto","background-attachment":"scroll","background-type":"","background-media":"","overlay-type":"","overlay-color":"","overlay-opacity":"","overlay-gradient":""},"tablet":{"background-color":"","background-image":"","background-repeat":"repeat","background-position":"center center","background-size":"auto","background-attachment":"scroll","background-type":"","background-media":"","overlay-type":"","overlay-color":"","overlay-opacity":"","overlay-gradient":""},"mobile":{"background-color":"","background-image":"","background-repeat":"repeat","background-position":"center center","background-size":"auto","background-attachment":"scroll","background-type":"","background-media":"","overlay-type":"","overlay-color":"","overlay-opacity":"","overlay-gradient":""}},"ast-content-background-meta":{"desktop":{"background-color":"var(--ast-global-color-5)","background-image":"","background-repeat":"repeat","background-position":"center center","background-size":"auto","background-attachment":"scroll","background-type":"","background-media":"","overlay-type":"","overlay-color":"","overlay-opacity":"","overlay-gradient":""},"tablet":{"background-color":"var(--ast-global-color-5)","background-image":"","background-repeat":"repeat","background-position":"center center","background-size":"auto","background-attachment":"scroll","background-type":"","background-media":"","overlay-type":"","overlay-color":"","overlay-opacity":"","overlay-gradient":""},"mobile":{"background-color":"var(--ast-global-color-5)","background-image":"","background-repeat":"repeat","background-position":"center center","background-size":"auto","background-attachment":"scroll","background-type":"","background-media":"","overlay-type":"","overlay-color":"","overlay-opacity":"","overlay-gradient":""}}},"product_brand":[],"product_cat":[29],"product_tag":[],"class_list":{"0":"post-191","1":"product","2":"type-product","3":"status-publish","4":"has-post-thumbnail","6":"product_cat-home-accessories","7":"desktop-align-left","8":"tablet-align-left","9":"mobile-align-left","11":"first","12":"instock","13":"shipping-taxable","14":"purchasable","15":"product-type-variable"},"uagb_featured_image_src":{"full":["https:\/\/www.handmadebucisu.com\/wp-content\/uploads\/2025\/11\/sivkine_vrecke_cover_1.jpg",759,759,false],"thumbnail":["https:\/\/www.handmadebucisu.com\/wp-content\/uploads\/2025\/11\/sivkine_vrecke_cover_1-150x150.jpg",150,150,true],"medium":["https:\/\/www.handmadebucisu.com\/wp-content\/uploads\/2025\/11\/sivkine_vrecke_cover_1-300x300.jpg",300,300,true],"medium_large":["https:\/\/www.handmadebucisu.com\/wp-content\/uploads\/2025\/11\/sivkine_vrecke_cover_1.jpg",759,759,false],"large":["https:\/\/www.handmadebucisu.com\/wp-content\/uploads\/2025\/11\/sivkine_vrecke_cover_1.jpg",759,759,false],"1536x1536":["https:\/\/www.handmadebucisu.com\/wp-content\/uploads\/2025\/11\/sivkine_vrecke_cover_1.jpg",759,759,false],"2048x2048":["https:\/\/www.handmadebucisu.com\/wp-content\/uploads\/2025\/11\/sivkine_vrecke_cover_1.jpg",759,759,false],"trp-custom-language-flag":["https:\/\/www.handmadebucisu.com\/wp-content\/uploads\/2025\/11\/sivkine_vrecke_cover_1-12x12.jpg",12,12,true],"mailpoet_newsletter_max":["https:\/\/www.handmadebucisu.com\/wp-content\/uploads\/2025\/11\/sivkine_vrecke_cover_1.jpg",759,759,false],"woocommerce_thumbnail":["https:\/\/www.handmadebucisu.com\/wp-content\/uploads\/2025\/11\/sivkine_vrecke_cover_1-300x300.jpg",300,300,true],"woocommerce_single":["https:\/\/www.handmadebucisu.com\/wp-content\/uploads\/2025\/11\/sivkine_vrecke_cover_1-600x600.jpg",600,600,true],"woocommerce_gallery_thumbnail":["https:\/\/www.handmadebucisu.com\/wp-content\/uploads\/2025\/11\/sivkine_vrecke_cover_1-100x100.jpg",100,100,true]},"uagb_author_info":{"display_name":"bucisu","author_link":"https:\/\/www.handmadebucisu.com\/sl\/author\/"},"uagb_comment_info":0,"uagb_excerpt":"Hand-sewn lavender sachets are filled with carefully selected dried lavender.","_links":{"self":[{"href":"https:\/\/www.handmadebucisu.com\/sl\/wp-json\/wp\/v2\/product\/191","targetHints":{"allow":["GET"]}}],"collection":[{"href":"https:\/\/www.handmadebucisu.com\/sl\/wp-json\/wp\/v2\/product"}],"about":[{"href":"https:\/\/www.handmadebucisu.com\/sl\/wp-json\/wp\/v2\/types\/product"}],"replies":[{"embeddable":true,"href":"https:\/\/www.handmadebucisu.com\/sl\/wp-json\/wp\/v2\/comments?post=191"}],"wp:featuredmedia":[{"embeddable":true,"href":"https:\/\/www.handmadebucisu.com\/sl\/wp-json\/wp\/v2\/media\/1754"}],"wp:attachment":[{"href":"https:\/\/www.handmadebucisu.com\/sl\/wp-json\/wp\/v2\/media?parent=191"}],"wp:term":[{"taxonomy":"product_brand","embeddable":true,"href":"https:\/\/www.handmadebucisu.com\/sl\/wp-json\/wp\/v2\/product_brand?post=191"},{"taxonomy":"product_cat","embeddable":true,"href":"https:\/\/www.handmadebucisu.com\/sl\/wp-json\/wp\/v2\/product_cat?post=191"},{"taxonomy":"product_tag","embeddable":true,"href":"https:\/\/www.handmadebucisu.com\/sl\/wp-json\/wp\/v2\/product_tag?post=191"}],"curies":[{"name":"wp","href":"https:\/\/api.w.org\/{rel}","templated":true}]}}