{"id":193,"date":"2024-10-07T15:36:29","date_gmt":"2024-10-07T15:36:29","guid":{"rendered":"https:\/\/www.handmadebucisu.com\/product\/ayurvedic-immunity-tea-2\/"},"modified":"2026-04-05T19:31:25","modified_gmt":"2026-04-05T19:31:25","slug":"keychain","status":"publish","type":"product","link":"https:\/\/www.handmadebucisu.com\/sl\/izdelek\/keychain\/","title":{"rendered":"Obesek za klju\u010de"},"content":{"rendered":"<p><strong>Prakti\u010den in eleganten dodatek, s katerim bodo tvoji klju\u010di vedno pri roki.<\/strong> Ta skrbno izdelan obesek za klju\u010de ima posebno zanko, ki omogo\u010da, da ga enostavno namesti\u0161 okoli prsta. Tako so klju\u010di vedno s teboj in jih zlahka najde\u0161 v torbi.\nIzdelan je iz kakovostnih materialov, trpe\u017een in vizualno edinstven. Vsak kos ima svoj zna\u010daj.<\/p>\n<p><strong>Zakaj izbrati ta obesek za klju\u010de?<\/strong><\/p>\n<ul>\n<li>Prakti\u010den in enostaven za uporabo.<\/li>\n<li>Zanka omogo\u010da, da ga nosi\u0161 okoli prsta.<\/li>\n<li>Skrbno izdelan, vsak kos je unikat.<\/li>\n<li>Trpe\u017een in lep dodatek k tvojim klju\u010dem.<\/li>\n<\/ul>\n<p>Odli\u010dna izbira za vsak dan ali kot pozorno darilo.<\/p>","protected":false},"excerpt":{"rendered":"<p>Prakti\u010den in eleganten dodatek, s katerim bodo tvoji klju\u010di vedno pri roki.<\/p>","protected":false},"featured_media":1752,"comment_status":"open","ping_status":"closed","template":"","meta":{"_uag_custom_page_level_css":"","site-sidebar-layout":"default","site-content-layout":"default","ast-site-content-layout":"default","site-content-style":"default","site-sidebar-style":"default","ast-global-header-display":"","ast-banner-title-visibility":"","ast-main-header-display":"","ast-hfb-above-header-display":"","ast-hfb-below-header-display":"","ast-hfb-mobile-header-display":"","site-post-title":"","ast-breadcrumbs-content":"","ast-featured-img":"","footer-sml-layout":"","theme-transparent-header-meta":"default","adv-header-id-meta":"","stick-header-meta":"","header-above-stick-meta":"","header-main-stick-meta":"","header-below-stick-meta":"","astra-migrate-meta-layouts":"set","ast-page-background-enabled":"default","ast-page-background-meta":{"desktop":{"background-color":"var(--ast-global-color-4)","background-image":"","background-repeat":"repeat","background-position":"center center","background-size":"auto","background-attachment":"scroll","background-type":"","background-media":"","overlay-type":"","overlay-color":"","overlay-opacity":"","overlay-gradient":""},"tablet":{"background-color":"","background-image":"","background-repeat":"repeat","background-position":"center center","background-size":"auto","background-attachment":"scroll","background-type":"","background-media":"","overlay-type":"","overlay-color":"","overlay-opacity":"","overlay-gradient":""},"mobile":{"background-color":"","background-image":"","background-repeat":"repeat","background-position":"center center","background-size":"auto","background-attachment":"scroll","background-type":"","background-media":"","overlay-type":"","overlay-color":"","overlay-opacity":"","overlay-gradient":""}},"ast-content-background-meta":{"desktop":{"background-color":"var(--ast-global-color-5)","background-image":"","background-repeat":"repeat","background-position":"center center","background-size":"auto","background-attachment":"scroll","background-type":"","background-media":"","overlay-type":"","overlay-color":"","overlay-opacity":"","overlay-gradient":""},"tablet":{"background-color":"var(--ast-global-color-5)","background-image":"","background-repeat":"repeat","background-position":"center center","background-size":"auto","background-attachment":"scroll","background-type":"","background-media":"","overlay-type":"","overlay-color":"","overlay-opacity":"","overlay-gradient":""},"mobile":{"background-color":"var(--ast-global-color-5)","background-image":"","background-repeat":"repeat","background-position":"center center","background-size":"auto","background-attachment":"scroll","background-type":"","background-media":"","overlay-type":"","overlay-color":"","overlay-opacity":"","overlay-gradient":""}}},"product_brand":[],"product_cat":[27],"product_tag":[],"class_list":{"0":"post-193","1":"product","2":"type-product","3":"status-publish","4":"has-post-thumbnail","6":"product_cat-various-accessories","7":"desktop-align-left","8":"tablet-align-left","9":"mobile-align-left","11":"first","12":"instock","13":"shipping-taxable","14":"purchasable","15":"product-type-variable"},"uagb_featured_image_src":{"full":["https:\/\/www.handmadebucisu.com\/wp-content\/uploads\/2025\/11\/obesek_za_kljuce_cover.jpg",808,808,false],"thumbnail":["https:\/\/www.handmadebucisu.com\/wp-content\/uploads\/2025\/11\/obesek_za_kljuce_cover-150x150.jpg",150,150,true],"medium":["https:\/\/www.handmadebucisu.com\/wp-content\/uploads\/2025\/11\/obesek_za_kljuce_cover-300x300.jpg",300,300,true],"medium_large":["https:\/\/www.handmadebucisu.com\/wp-content\/uploads\/2025\/11\/obesek_za_kljuce_cover-768x768.jpg",768,768,true],"large":["https:\/\/www.handmadebucisu.com\/wp-content\/uploads\/2025\/11\/obesek_za_kljuce_cover.jpg",808,808,false],"1536x1536":["https:\/\/www.handmadebucisu.com\/wp-content\/uploads\/2025\/11\/obesek_za_kljuce_cover.jpg",808,808,false],"2048x2048":["https:\/\/www.handmadebucisu.com\/wp-content\/uploads\/2025\/11\/obesek_za_kljuce_cover.jpg",808,808,false],"trp-custom-language-flag":["https:\/\/www.handmadebucisu.com\/wp-content\/uploads\/2025\/11\/obesek_za_kljuce_cover-12x12.jpg",12,12,true],"mailpoet_newsletter_max":["https:\/\/www.handmadebucisu.com\/wp-content\/uploads\/2025\/11\/obesek_za_kljuce_cover.jpg",808,808,false],"woocommerce_thumbnail":["https:\/\/www.handmadebucisu.com\/wp-content\/uploads\/2025\/11\/obesek_za_kljuce_cover-300x300.jpg",300,300,true],"woocommerce_single":["https:\/\/www.handmadebucisu.com\/wp-content\/uploads\/2025\/11\/obesek_za_kljuce_cover-600x600.jpg",600,600,true],"woocommerce_gallery_thumbnail":["https:\/\/www.handmadebucisu.com\/wp-content\/uploads\/2025\/11\/obesek_za_kljuce_cover-100x100.jpg",100,100,true]},"uagb_author_info":{"display_name":"bucisu","author_link":"https:\/\/www.handmadebucisu.com\/sl\/author\/"},"uagb_comment_info":0,"uagb_excerpt":"A practical and elegant accessory that helps you keep your keys always within reach.","_links":{"self":[{"href":"https:\/\/www.handmadebucisu.com\/sl\/wp-json\/wp\/v2\/product\/193","targetHints":{"allow":["GET"]}}],"collection":[{"href":"https:\/\/www.handmadebucisu.com\/sl\/wp-json\/wp\/v2\/product"}],"about":[{"href":"https:\/\/www.handmadebucisu.com\/sl\/wp-json\/wp\/v2\/types\/product"}],"replies":[{"embeddable":true,"href":"https:\/\/www.handmadebucisu.com\/sl\/wp-json\/wp\/v2\/comments?post=193"}],"wp:featuredmedia":[{"embeddable":true,"href":"https:\/\/www.handmadebucisu.com\/sl\/wp-json\/wp\/v2\/media\/1752"}],"wp:attachment":[{"href":"https:\/\/www.handmadebucisu.com\/sl\/wp-json\/wp\/v2\/media?parent=193"}],"wp:term":[{"taxonomy":"product_brand","embeddable":true,"href":"https:\/\/www.handmadebucisu.com\/sl\/wp-json\/wp\/v2\/product_brand?post=193"},{"taxonomy":"product_cat","embeddable":true,"href":"https:\/\/www.handmadebucisu.com\/sl\/wp-json\/wp\/v2\/product_cat?post=193"},{"taxonomy":"product_tag","embeddable":true,"href":"https:\/\/www.handmadebucisu.com\/sl\/wp-json\/wp\/v2\/product_tag?post=193"}],"curies":[{"name":"wp","href":"https:\/\/api.w.org\/{rel}","templated":true}]}}