{"id":194,"date":"2024-10-07T15:36:29","date_gmt":"2024-10-07T15:36:29","guid":{"rendered":"https:\/\/www.handmadebucisu.com\/product\/ayurvedic-immunity-tea-3\/"},"modified":"2026-01-28T13:09:35","modified_gmt":"2026-01-28T13:09:35","slug":"bookmark","status":"publish","type":"product","link":"https:\/\/www.handmadebucisu.com\/sl\/izdelek\/bookmark\/","title":{"rendered":"Knji\u017ena kazala"},"content":{"rendered":"<p>Za vse ljubitelje knjig, ki cenijo edinstvene detajle.\nMoja skrbno izdelana knji\u017ena kazala s trdo podlago so ustvarjena iz kakovostnih materialov, njihova trpe\u017enost pa zagotavlja, da te bodo spremljala na \u0161tevilnih literarnih poteh.\nVsak \u0161iv nosi svojo zgodbo \u2013 vsak kos je edinstven.<\/p>\n<p>\u010ce \u017eeli\u0161 nekaj posebnega zase ali i\u0161\u010de\u0161 lepo darilo za nekoga, ki rad bere, so ta kazala ne\u017een, a hkrati uporaben spremljevalec vsake knjige.<\/p>\n<p><strong>Zakaj izbrati skrbno izdelano knji\u017eno kazalo?<\/strong><\/p>\n<ul>\n<li>Skrbno izdelana in unikatna.<\/li>\n<li>Trpe\u017ena in dolgotrajna.<\/li>\n<li>Popestri bralne trenutke s posebnim pridihom ustvarjalnosti.<\/li>\n<li>\u010cudovito darilo za vse ljubitelje knjig.<\/span><\/li>\n<\/ul>\n<p>Vsaki knjigi, ki se bere, doda svoj del\u010dek zgodbe.<\/p>\n<p>&nbsp;<\/p>","protected":false},"excerpt":{"rendered":"<p>\u010caroben spremljevalec vsake bralne pustolov\u0161\u010dine.<\/p>\n<p>&nbsp;<\/p>","protected":false},"featured_media":1750,"comment_status":"open","ping_status":"closed","template":"","meta":{"_uag_custom_page_level_css":"","site-sidebar-layout":"default","site-content-layout":"default","ast-site-content-layout":"default","site-content-style":"default","site-sidebar-style":"default","ast-global-header-display":"","ast-banner-title-visibility":"","ast-main-header-display":"","ast-hfb-above-header-display":"","ast-hfb-below-header-display":"","ast-hfb-mobile-header-display":"","site-post-title":"","ast-breadcrumbs-content":"","ast-featured-img":"","footer-sml-layout":"","theme-transparent-header-meta":"default","adv-header-id-meta":"","stick-header-meta":"","header-above-stick-meta":"","header-main-stick-meta":"","header-below-stick-meta":"","astra-migrate-meta-layouts":"set","ast-page-background-enabled":"default","ast-page-background-meta":{"desktop":{"background-color":"var(--ast-global-color-4)","background-image":"","background-repeat":"repeat","background-position":"center center","background-size":"auto","background-attachment":"scroll","background-type":"","background-media":"","overlay-type":"","overlay-color":"","overlay-opacity":"","overlay-gradient":""},"tablet":{"background-color":"","background-image":"","background-repeat":"repeat","background-position":"center center","background-size":"auto","background-attachment":"scroll","background-type":"","background-media":"","overlay-type":"","overlay-color":"","overlay-opacity":"","overlay-gradient":""},"mobile":{"background-color":"","background-image":"","background-repeat":"repeat","background-position":"center center","background-size":"auto","background-attachment":"scroll","background-type":"","background-media":"","overlay-type":"","overlay-color":"","overlay-opacity":"","overlay-gradient":""}},"ast-content-background-meta":{"desktop":{"background-color":"var(--ast-global-color-5)","background-image":"","background-repeat":"repeat","background-position":"center center","background-size":"auto","background-attachment":"scroll","background-type":"","background-media":"","overlay-type":"","overlay-color":"","overlay-opacity":"","overlay-gradient":""},"tablet":{"background-color":"var(--ast-global-color-5)","background-image":"","background-repeat":"repeat","background-position":"center center","background-size":"auto","background-attachment":"scroll","background-type":"","background-media":"","overlay-type":"","overlay-color":"","overlay-opacity":"","overlay-gradient":""},"mobile":{"background-color":"var(--ast-global-color-5)","background-image":"","background-repeat":"repeat","background-position":"center center","background-size":"auto","background-attachment":"scroll","background-type":"","background-media":"","overlay-type":"","overlay-color":"","overlay-opacity":"","overlay-gradient":""}}},"product_brand":[],"product_cat":[27],"product_tag":[],"class_list":{"0":"post-194","1":"product","2":"type-product","3":"status-publish","4":"has-post-thumbnail","6":"product_cat-various-accessories","7":"desktop-align-left","8":"tablet-align-left","9":"mobile-align-left","11":"first","12":"instock","13":"shipping-taxable","14":"purchasable","15":"product-type-variable"},"uagb_featured_image_src":{"full":["https:\/\/www.handmadebucisu.com\/wp-content\/uploads\/2025\/11\/knjizno_kazalo_cover.jpg",653,652,false],"thumbnail":["https:\/\/www.handmadebucisu.com\/wp-content\/uploads\/2025\/11\/knjizno_kazalo_cover-150x150.jpg",150,150,true],"medium":["https:\/\/www.handmadebucisu.com\/wp-content\/uploads\/2025\/11\/knjizno_kazalo_cover-300x300.jpg",300,300,true],"medium_large":["https:\/\/www.handmadebucisu.com\/wp-content\/uploads\/2025\/11\/knjizno_kazalo_cover.jpg",653,652,false],"large":["https:\/\/www.handmadebucisu.com\/wp-content\/uploads\/2025\/11\/knjizno_kazalo_cover.jpg",653,652,false],"1536x1536":["https:\/\/www.handmadebucisu.com\/wp-content\/uploads\/2025\/11\/knjizno_kazalo_cover.jpg",653,652,false],"2048x2048":["https:\/\/www.handmadebucisu.com\/wp-content\/uploads\/2025\/11\/knjizno_kazalo_cover.jpg",653,652,false],"trp-custom-language-flag":["https:\/\/www.handmadebucisu.com\/wp-content\/uploads\/2025\/11\/knjizno_kazalo_cover-12x12.jpg",12,12,true],"mailpoet_newsletter_max":["https:\/\/www.handmadebucisu.com\/wp-content\/uploads\/2025\/11\/knjizno_kazalo_cover.jpg",653,652,false],"woocommerce_thumbnail":["https:\/\/www.handmadebucisu.com\/wp-content\/uploads\/2025\/11\/knjizno_kazalo_cover-300x300.jpg",300,300,true],"woocommerce_single":["https:\/\/www.handmadebucisu.com\/wp-content\/uploads\/2025\/11\/knjizno_kazalo_cover-600x599.jpg",600,599,true],"woocommerce_gallery_thumbnail":["https:\/\/www.handmadebucisu.com\/wp-content\/uploads\/2025\/11\/knjizno_kazalo_cover-100x100.jpg",100,100,true]},"uagb_author_info":{"display_name":"bucisu","author_link":"https:\/\/www.handmadebucisu.com\/sl\/author\/"},"uagb_comment_info":1,"uagb_excerpt":"If you're looking for something special for yourself or a thoughtful gift for a book lover, this bookmarks is the perfect blend of elegance and practicality\u2014 a charming companion for any reading adventure. &nbsp;","_links":{"self":[{"href":"https:\/\/www.handmadebucisu.com\/sl\/wp-json\/wp\/v2\/product\/194","targetHints":{"allow":["GET"]}}],"collection":[{"href":"https:\/\/www.handmadebucisu.com\/sl\/wp-json\/wp\/v2\/product"}],"about":[{"href":"https:\/\/www.handmadebucisu.com\/sl\/wp-json\/wp\/v2\/types\/product"}],"replies":[{"embeddable":true,"href":"https:\/\/www.handmadebucisu.com\/sl\/wp-json\/wp\/v2\/comments?post=194"}],"wp:featuredmedia":[{"embeddable":true,"href":"https:\/\/www.handmadebucisu.com\/sl\/wp-json\/wp\/v2\/media\/1750"}],"wp:attachment":[{"href":"https:\/\/www.handmadebucisu.com\/sl\/wp-json\/wp\/v2\/media?parent=194"}],"wp:term":[{"taxonomy":"product_brand","embeddable":true,"href":"https:\/\/www.handmadebucisu.com\/sl\/wp-json\/wp\/v2\/product_brand?post=194"},{"taxonomy":"product_cat","embeddable":true,"href":"https:\/\/www.handmadebucisu.com\/sl\/wp-json\/wp\/v2\/product_cat?post=194"},{"taxonomy":"product_tag","embeddable":true,"href":"https:\/\/www.handmadebucisu.com\/sl\/wp-json\/wp\/v2\/product_tag?post=194"}],"curies":[{"name":"wp","href":"https:\/\/api.w.org\/{rel}","templated":true}]}}