{"id":197,"date":"2024-10-07T15:36:29","date_gmt":"2024-10-07T15:36:29","guid":{"rendered":"https:\/\/www.handmadebucisu.com\/product\/ayurvedic-immunity-tea-5\/"},"modified":"2025-11-30T06:42:51","modified_gmt":"2025-11-30T06:42:51","slug":"handmade-toiletetry-bag","status":"publish","type":"product","link":"https:\/\/www.handmadebucisu.com\/sl\/izdelek\/handmade-toiletetry-bag\/","title":{"rendered":"Toaletna torbica"},"content":{"rendered":"<p data-start=\"54\" data-end=\"297\"><strong data-start=\"328\" data-end=\"454\">Ta skrbno izdelana toaletna torbica je popolna spremljevalka za shranjevanje kozmetike, toaletnih pripomo\u010dkov ali drugih vsakodnevnih drobnosti. <\/strong>Njena pokon\u010dna oblika omogo\u010da odli\u010den pregled in izkoristek prostora, z zgornjim zavihom pa se lahko postavi kot majhna \u0161katlica \u2013 hkrati prakti\u010dna in o\u010darljiva.<\/p>\n<p data-start=\"299\" data-end=\"473\"><strong data-start=\"302\" data-end=\"320\">Zakaj jo izbrati?<\/strong><\/p>\n<ul>\n<li data-start=\"299\" data-end=\"473\">Skrbno izdelana in unikatna.<\/li>\n<li data-start=\"299\" data-end=\"473\">Zlo\u017eljiv zgornji rob, ki omogo\u010da, da torbica stoji samostojno kot \u0161katlica.<\/li>\n<li data-start=\"299\" data-end=\"473\">Prostorna notranjost z \u017eepkom za manj\u0161e predmete.<\/li>\n<li data-start=\"299\" data-end=\"473\">Izdelana iz trpe\u017enih materialov za dolgotrajno uporabo.<\/li>\n<li data-start=\"299\" data-end=\"473\">\n<p data-start=\"606\" data-end=\"956\">Zadrga zaklju\u010dena s se\u0161itim cvetli\u010dnim okraskom  za la\u017eje odpiranje in kot lep pridih detajla.<\/p>\n<\/li>\n<\/ul>\n<p data-start=\"475\" data-end=\"555\" data-is-last-node=\"\" data-is-only-node=\"\">Elegantna, funkcionalna in naravno lepa. Popolna za vsakodnevno uporabo ali kot premi\u0161ljeno izdelano darilo.<\/p>","protected":false},"excerpt":{"rendered":"<p>Elegantna, funkcionalna in naravno lepa. Popolna za vsakodnevno uporabo ali kot premi\u0161ljeno izdelano darilo.<\/p>","protected":false},"featured_media":1755,"comment_status":"open","ping_status":"closed","template":"","meta":{"_uag_custom_page_level_css":"","site-sidebar-layout":"default","site-content-layout":"default","ast-site-content-layout":"default","site-content-style":"default","site-sidebar-style":"default","ast-global-header-display":"","ast-banner-title-visibility":"","ast-main-header-display":"","ast-hfb-above-header-display":"","ast-hfb-below-header-display":"","ast-hfb-mobile-header-display":"","site-post-title":"","ast-breadcrumbs-content":"","ast-featured-img":"","footer-sml-layout":"","theme-transparent-header-meta":"default","adv-header-id-meta":"","stick-header-meta":"","header-above-stick-meta":"","header-main-stick-meta":"","header-below-stick-meta":"","astra-migrate-meta-layouts":"set","ast-page-background-enabled":"default","ast-page-background-meta":{"desktop":{"background-color":"var(--ast-global-color-4)","background-image":"","background-repeat":"repeat","background-position":"center center","background-size":"auto","background-attachment":"scroll","background-type":"","background-media":"","overlay-type":"","overlay-color":"","overlay-opacity":"","overlay-gradient":""},"tablet":{"background-color":"","background-image":"","background-repeat":"repeat","background-position":"center center","background-size":"auto","background-attachment":"scroll","background-type":"","background-media":"","overlay-type":"","overlay-color":"","overlay-opacity":"","overlay-gradient":""},"mobile":{"background-color":"","background-image":"","background-repeat":"repeat","background-position":"center center","background-size":"auto","background-attachment":"scroll","background-type":"","background-media":"","overlay-type":"","overlay-color":"","overlay-opacity":"","overlay-gradient":""}},"ast-content-background-meta":{"desktop":{"background-color":"var(--ast-global-color-5)","background-image":"","background-repeat":"repeat","background-position":"center center","background-size":"auto","background-attachment":"scroll","background-type":"","background-media":"","overlay-type":"","overlay-color":"","overlay-opacity":"","overlay-gradient":""},"tablet":{"background-color":"var(--ast-global-color-5)","background-image":"","background-repeat":"repeat","background-position":"center center","background-size":"auto","background-attachment":"scroll","background-type":"","background-media":"","overlay-type":"","overlay-color":"","overlay-opacity":"","overlay-gradient":""},"mobile":{"background-color":"var(--ast-global-color-5)","background-image":"","background-repeat":"repeat","background-position":"center center","background-size":"auto","background-attachment":"scroll","background-type":"","background-media":"","overlay-type":"","overlay-color":"","overlay-opacity":"","overlay-gradient":""}}},"product_brand":[],"product_cat":[22],"product_tag":[],"class_list":{"0":"post-197","1":"product","2":"type-product","3":"status-publish","4":"has-post-thumbnail","6":"product_cat-self-care","7":"desktop-align-left","8":"tablet-align-left","9":"mobile-align-left","11":"first","12":"instock","13":"shipping-taxable","14":"purchasable","15":"product-type-variable"},"uagb_featured_image_src":{"full":["https:\/\/www.handmadebucisu.com\/wp-content\/uploads\/2025\/11\/toaletne_torbice_cover_1.jpg",1062,1062,false],"thumbnail":["https:\/\/www.handmadebucisu.com\/wp-content\/uploads\/2025\/11\/toaletne_torbice_cover_1-150x150.jpg",150,150,true],"medium":["https:\/\/www.handmadebucisu.com\/wp-content\/uploads\/2025\/11\/toaletne_torbice_cover_1-300x300.jpg",300,300,true],"medium_large":["https:\/\/www.handmadebucisu.com\/wp-content\/uploads\/2025\/11\/toaletne_torbice_cover_1-768x768.jpg",768,768,true],"large":["https:\/\/www.handmadebucisu.com\/wp-content\/uploads\/2025\/11\/toaletne_torbice_cover_1-1024x1024.jpg",1024,1024,true],"1536x1536":["https:\/\/www.handmadebucisu.com\/wp-content\/uploads\/2025\/11\/toaletne_torbice_cover_1.jpg",1062,1062,false],"2048x2048":["https:\/\/www.handmadebucisu.com\/wp-content\/uploads\/2025\/11\/toaletne_torbice_cover_1.jpg",1062,1062,false],"trp-custom-language-flag":["https:\/\/www.handmadebucisu.com\/wp-content\/uploads\/2025\/11\/toaletne_torbice_cover_1-12x12.jpg",12,12,true],"mailpoet_newsletter_max":["https:\/\/www.handmadebucisu.com\/wp-content\/uploads\/2025\/11\/toaletne_torbice_cover_1.jpg",1062,1062,false],"woocommerce_thumbnail":["https:\/\/www.handmadebucisu.com\/wp-content\/uploads\/2025\/11\/toaletne_torbice_cover_1-300x300.jpg",300,300,true],"woocommerce_single":["https:\/\/www.handmadebucisu.com\/wp-content\/uploads\/2025\/11\/toaletne_torbice_cover_1-600x600.jpg",600,600,true],"woocommerce_gallery_thumbnail":["https:\/\/www.handmadebucisu.com\/wp-content\/uploads\/2025\/11\/toaletne_torbice_cover_1-100x100.jpg",100,100,true]},"uagb_author_info":{"display_name":"bucisu","author_link":"https:\/\/www.handmadebucisu.com\/sl\/author\/"},"uagb_comment_info":0,"uagb_excerpt":"An elegant and functional bag, perfect for everyday use or as a thoughtful gift!","_links":{"self":[{"href":"https:\/\/www.handmadebucisu.com\/sl\/wp-json\/wp\/v2\/product\/197","targetHints":{"allow":["GET"]}}],"collection":[{"href":"https:\/\/www.handmadebucisu.com\/sl\/wp-json\/wp\/v2\/product"}],"about":[{"href":"https:\/\/www.handmadebucisu.com\/sl\/wp-json\/wp\/v2\/types\/product"}],"replies":[{"embeddable":true,"href":"https:\/\/www.handmadebucisu.com\/sl\/wp-json\/wp\/v2\/comments?post=197"}],"wp:featuredmedia":[{"embeddable":true,"href":"https:\/\/www.handmadebucisu.com\/sl\/wp-json\/wp\/v2\/media\/1755"}],"wp:attachment":[{"href":"https:\/\/www.handmadebucisu.com\/sl\/wp-json\/wp\/v2\/media?parent=197"}],"wp:term":[{"taxonomy":"product_brand","embeddable":true,"href":"https:\/\/www.handmadebucisu.com\/sl\/wp-json\/wp\/v2\/product_brand?post=197"},{"taxonomy":"product_cat","embeddable":true,"href":"https:\/\/www.handmadebucisu.com\/sl\/wp-json\/wp\/v2\/product_cat?post=197"},{"taxonomy":"product_tag","embeddable":true,"href":"https:\/\/www.handmadebucisu.com\/sl\/wp-json\/wp\/v2\/product_tag?post=197"}],"curies":[{"name":"wp","href":"https:\/\/api.w.org\/{rel}","templated":true}]}}