{"id":1993,"date":"2026-02-08T04:21:19","date_gmt":"2026-02-08T04:21:19","guid":{"rendered":"https:\/\/www.handmadebucisu.com\/?post_type=product&#038;p=1993"},"modified":"2026-03-02T19:57:27","modified_gmt":"2026-03-02T19:57:27","slug":"azuma-bread-bag","status":"publish","type":"product","link":"https:\/\/www.handmadebucisu.com\/sl\/izdelek\/azuma-bread-bag\/","title":{"rendered":"Azuma vre\u010da za shranjevanje kruha"},"content":{"rendered":"<p>Ta ro\u010dno se\u0161ita Azuma vre\u010da je naraven in estetski na\u010din shranjevanja kruha.<\/p>\n<p>Navdihnjena z japonskim na\u010dinom zavijanja omogo\u010da zra\u010dno za\u0161\u010dito, ki pomaga ohranjati sve\u017eino in teksturo kruha. Notranje blago je izdelano iz recikliranega bomba\u017ea, kar daje izdelku dodatno trajnostno vrednost.<\/p>\n<p>Za najbolj\u0161e rezultate priporo\u010damo, da kruh v vre\u010do shranite v papirnati ali perforirani plasti\u010dni vre\u010dki, v kateri je bil kupljen.<\/p>\n<p>Vre\u010da se zave\u017ee v mehak vozel, ki vsebino varno zapre in doda preprost, brez\u010dasen videz. Primerna je za vsakodnevno uporabo doma ali na mizi.<\/p>\n<p><strong>Zakaj izbrati Azuma vre\u010do za shranjevanje kruha?<\/strong><\/p>\n<ul>\n<li>Skrbno izdelan z veliko pozornosti do detajlov<\/li>\n<li>Notranje blago iz recikliranega bomba\u017ea<\/li>\n<li>Naravni materiali, primerni za shranjevanje kruha<\/li>\n<li>Zra\u010dna zasnova, ki pomaga ohranjati sve\u017eino<\/li>\n<li>Ve\u010dkrat uporabna in trajnostna alternativa papirju ali plastiki<\/li>\n<li>Estetska in dovolj lepa za uporabo neposredno na mizi<\/li>\n<\/ul>","protected":false},"excerpt":{"rendered":"<p>Ro\u010dno se\u0161ita Azuma vre\u010da iz naravnih materialov z notranjim blagom iz recikliranega bomba\u017ea za zra\u010dno shranjevanje kruha.<\/p>","protected":false},"featured_media":2006,"comment_status":"open","ping_status":"closed","template":"","meta":{"_uag_custom_page_level_css":"","site-sidebar-layout":"default","site-content-layout":"default","ast-site-content-layout":"default","site-content-style":"default","site-sidebar-style":"default","ast-global-header-display":"","ast-banner-title-visibility":"","ast-main-header-display":"","ast-hfb-above-header-display":"","ast-hfb-below-header-display":"","ast-hfb-mobile-header-display":"","site-post-title":"","ast-breadcrumbs-content":"","ast-featured-img":"","footer-sml-layout":"","theme-transparent-header-meta":"default","adv-header-id-meta":"","stick-header-meta":"","header-above-stick-meta":"","header-main-stick-meta":"","header-below-stick-meta":"","astra-migrate-meta-layouts":"set","ast-page-background-enabled":"default","ast-page-background-meta":{"desktop":{"background-color":"var(--ast-global-color-4)","background-image":"","background-repeat":"repeat","background-position":"center center","background-size":"auto","background-attachment":"scroll","background-type":"","background-media":"","overlay-type":"","overlay-color":"","overlay-opacity":"","overlay-gradient":""},"tablet":{"background-color":"","background-image":"","background-repeat":"repeat","background-position":"center center","background-size":"auto","background-attachment":"scroll","background-type":"","background-media":"","overlay-type":"","overlay-color":"","overlay-opacity":"","overlay-gradient":""},"mobile":{"background-color":"","background-image":"","background-repeat":"repeat","background-position":"center center","background-size":"auto","background-attachment":"scroll","background-type":"","background-media":"","overlay-type":"","overlay-color":"","overlay-opacity":"","overlay-gradient":""}},"ast-content-background-meta":{"desktop":{"background-color":"var(--ast-global-color-5)","background-image":"","background-repeat":"repeat","background-position":"center center","background-size":"auto","background-attachment":"scroll","background-type":"","background-media":"","overlay-type":"","overlay-color":"","overlay-opacity":"","overlay-gradient":""},"tablet":{"background-color":"var(--ast-global-color-5)","background-image":"","background-repeat":"repeat","background-position":"center center","background-size":"auto","background-attachment":"scroll","background-type":"","background-media":"","overlay-type":"","overlay-color":"","overlay-opacity":"","overlay-gradient":""},"mobile":{"background-color":"var(--ast-global-color-5)","background-image":"","background-repeat":"repeat","background-position":"center center","background-size":"auto","background-attachment":"scroll","background-type":"","background-media":"","overlay-type":"","overlay-color":"","overlay-opacity":"","overlay-gradient":""}}},"product_brand":[],"product_cat":[29],"product_tag":[],"class_list":{"0":"post-1993","1":"product","2":"type-product","3":"status-publish","4":"has-post-thumbnail","6":"product_cat-home-accessories","7":"desktop-align-left","8":"tablet-align-left","9":"mobile-align-left","11":"first","12":"instock","13":"shipping-taxable","14":"purchasable","15":"product-type-variable"},"uagb_featured_image_src":{"full":["https:\/\/www.handmadebucisu.com\/wp-content\/uploads\/2026\/02\/azuma_vreca_za_shranjevanje_kruha_zaprta-1.jpg",1800,1800,false],"thumbnail":["https:\/\/www.handmadebucisu.com\/wp-content\/uploads\/2026\/02\/azuma_vreca_za_shranjevanje_kruha_zaprta-1-150x150.jpg",150,150,true],"medium":["https:\/\/www.handmadebucisu.com\/wp-content\/uploads\/2026\/02\/azuma_vreca_za_shranjevanje_kruha_zaprta-1-300x300.jpg",300,300,true],"medium_large":["https:\/\/www.handmadebucisu.com\/wp-content\/uploads\/2026\/02\/azuma_vreca_za_shranjevanje_kruha_zaprta-1-768x768.jpg",768,768,true],"large":["https:\/\/www.handmadebucisu.com\/wp-content\/uploads\/2026\/02\/azuma_vreca_za_shranjevanje_kruha_zaprta-1-1024x1024.jpg",1024,1024,true],"1536x1536":["https:\/\/www.handmadebucisu.com\/wp-content\/uploads\/2026\/02\/azuma_vreca_za_shranjevanje_kruha_zaprta-1-1536x1536.jpg",1536,1536,true],"2048x2048":["https:\/\/www.handmadebucisu.com\/wp-content\/uploads\/2026\/02\/azuma_vreca_za_shranjevanje_kruha_zaprta-1.jpg",1800,1800,false],"trp-custom-language-flag":["https:\/\/www.handmadebucisu.com\/wp-content\/uploads\/2026\/02\/azuma_vreca_za_shranjevanje_kruha_zaprta-1-12x12.jpg",12,12,true],"mailpoet_newsletter_max":["https:\/\/www.handmadebucisu.com\/wp-content\/uploads\/2026\/02\/azuma_vreca_za_shranjevanje_kruha_zaprta-1-1320x1320.jpg",1320,1320,true],"woocommerce_thumbnail":["https:\/\/www.handmadebucisu.com\/wp-content\/uploads\/2026\/02\/azuma_vreca_za_shranjevanje_kruha_zaprta-1-300x300.jpg",300,300,true],"woocommerce_single":["https:\/\/www.handmadebucisu.com\/wp-content\/uploads\/2026\/02\/azuma_vreca_za_shranjevanje_kruha_zaprta-1-600x600.jpg",600,600,true],"woocommerce_gallery_thumbnail":["https:\/\/www.handmadebucisu.com\/wp-content\/uploads\/2026\/02\/azuma_vreca_za_shranjevanje_kruha_zaprta-1-100x100.jpg",100,100,true]},"uagb_author_info":{"display_name":"bucisu","author_link":"https:\/\/www.handmadebucisu.com\/sl\/author\/"},"uagb_comment_info":1,"uagb_excerpt":"Each sachet is carefully handcrafted to bring natural freshness and warmth into your home.","_links":{"self":[{"href":"https:\/\/www.handmadebucisu.com\/sl\/wp-json\/wp\/v2\/product\/1993","targetHints":{"allow":["GET"]}}],"collection":[{"href":"https:\/\/www.handmadebucisu.com\/sl\/wp-json\/wp\/v2\/product"}],"about":[{"href":"https:\/\/www.handmadebucisu.com\/sl\/wp-json\/wp\/v2\/types\/product"}],"replies":[{"embeddable":true,"href":"https:\/\/www.handmadebucisu.com\/sl\/wp-json\/wp\/v2\/comments?post=1993"}],"wp:featuredmedia":[{"embeddable":true,"href":"https:\/\/www.handmadebucisu.com\/sl\/wp-json\/wp\/v2\/media\/2006"}],"wp:attachment":[{"href":"https:\/\/www.handmadebucisu.com\/sl\/wp-json\/wp\/v2\/media?parent=1993"}],"wp:term":[{"taxonomy":"product_brand","embeddable":true,"href":"https:\/\/www.handmadebucisu.com\/sl\/wp-json\/wp\/v2\/product_brand?post=1993"},{"taxonomy":"product_cat","embeddable":true,"href":"https:\/\/www.handmadebucisu.com\/sl\/wp-json\/wp\/v2\/product_cat?post=1993"},{"taxonomy":"product_tag","embeddable":true,"href":"https:\/\/www.handmadebucisu.com\/sl\/wp-json\/wp\/v2\/product_tag?post=1993"}],"curies":[{"name":"wp","href":"https:\/\/api.w.org\/{rel}","templated":true}]}}