{"id":2008,"date":"2026-03-17T03:55:21","date_gmt":"2026-03-17T03:55:21","guid":{"rendered":"https:\/\/www.handmadebucisu.com\/?post_type=product&#038;p=2008"},"modified":"2026-03-17T05:40:47","modified_gmt":"2026-03-17T05:40:47","slug":"cosmetic-hair-band","status":"publish","type":"product","link":"https:\/\/www.handmadebucisu.com\/sl\/izdelek\/cosmetic-hair-band\/","title":{"rendered":"Kozmeti\u010dni trak za nego obraza"},"content":{"rendered":"<p data-start=\"130\" data-end=\"358\">Ta skrbno se\u0161it kozmeti\u010dni trak za lase je mehak, prilagodljiv in estetsko dovr\u0161en dodatek za vsakodnevno nego ali spro\u0161\u010dene trenutke.<br data-start=\"258\" data-end=\"261\" \/>Ne\u017eno objame glavo, hkrati pa poskrbi, da lasje ostanejo na mestu \u2014 brez neprijetnega ti\u0161\u010danja.<\/p>\n<p data-start=\"360\" data-end=\"534\">Zasnovan je tako, da se lepo prilagodi razli\u010dnim oblikam glave in zagotavlja udobje pri no\u0161enju. Primeren je za nego obraza, li\u010denje ali preprosto kot ne\u017een modni dodatek.<\/p>\n<p data-start=\"536\" data-end=\"595\">Ustreza obsegu glave pribli\u017eno <strong data-start=\"574\" data-end=\"594\">od 54 do 58 cm.<\/strong>.<\/p>\n<p><strong>Zakaj izbrati kozmeti\u010dni trak?\u00a0<\/strong><\/p>\n<ul>\n<li>Skrbno izdelan z veliko pozornosti do detajlov<\/li>\n<li>Mehak in udoben za no\u0161enje<\/li>\n<li>Prilagodljiv zaradi elastike<\/li>\n<li>Ne\u017eno dr\u017ei lase na mestu brez ti\u0161\u010danja<\/li>\n<li>Estetski dodatek za vsakodnevno uporabo<\/li>\n<li>Primerena tudi kot lepo darilo<\/li>\n<\/ul>","protected":false},"excerpt":{"rendered":"<p data-start=\"903\" data-end=\"995\">Skrbno se\u0161it mehak in prilagodljiv kozmeti\u010dni trak za lase za udobno in estetsko vsakodnevno uporabo.<\/p>","protected":false},"featured_media":2037,"comment_status":"open","ping_status":"closed","template":"","meta":{"_uag_custom_page_level_css":"","site-sidebar-layout":"default","site-content-layout":"default","ast-site-content-layout":"default","site-content-style":"default","site-sidebar-style":"default","ast-global-header-display":"","ast-banner-title-visibility":"","ast-main-header-display":"","ast-hfb-above-header-display":"","ast-hfb-below-header-display":"","ast-hfb-mobile-header-display":"","site-post-title":"","ast-breadcrumbs-content":"","ast-featured-img":"","footer-sml-layout":"","theme-transparent-header-meta":"default","adv-header-id-meta":"","stick-header-meta":"","header-above-stick-meta":"","header-main-stick-meta":"","header-below-stick-meta":"","astra-migrate-meta-layouts":"set","ast-page-background-enabled":"default","ast-page-background-meta":{"desktop":{"background-color":"var(--ast-global-color-4)","background-image":"","background-repeat":"repeat","background-position":"center center","background-size":"auto","background-attachment":"scroll","background-type":"","background-media":"","overlay-type":"","overlay-color":"","overlay-opacity":"","overlay-gradient":""},"tablet":{"background-color":"","background-image":"","background-repeat":"repeat","background-position":"center center","background-size":"auto","background-attachment":"scroll","background-type":"","background-media":"","overlay-type":"","overlay-color":"","overlay-opacity":"","overlay-gradient":""},"mobile":{"background-color":"","background-image":"","background-repeat":"repeat","background-position":"center center","background-size":"auto","background-attachment":"scroll","background-type":"","background-media":"","overlay-type":"","overlay-color":"","overlay-opacity":"","overlay-gradient":""}},"ast-content-background-meta":{"desktop":{"background-color":"var(--ast-global-color-5)","background-image":"","background-repeat":"repeat","background-position":"center center","background-size":"auto","background-attachment":"scroll","background-type":"","background-media":"","overlay-type":"","overlay-color":"","overlay-opacity":"","overlay-gradient":""},"tablet":{"background-color":"var(--ast-global-color-5)","background-image":"","background-repeat":"repeat","background-position":"center center","background-size":"auto","background-attachment":"scroll","background-type":"","background-media":"","overlay-type":"","overlay-color":"","overlay-opacity":"","overlay-gradient":""},"mobile":{"background-color":"var(--ast-global-color-5)","background-image":"","background-repeat":"repeat","background-position":"center center","background-size":"auto","background-attachment":"scroll","background-type":"","background-media":"","overlay-type":"","overlay-color":"","overlay-opacity":"","overlay-gradient":""}}},"product_brand":[],"product_cat":[22],"product_tag":[],"class_list":{"0":"post-2008","1":"product","2":"type-product","3":"status-publish","4":"has-post-thumbnail","6":"product_cat-self-care","7":"desktop-align-left","8":"tablet-align-left","9":"mobile-align-left","11":"first","12":"instock","13":"shipping-taxable","14":"purchasable","15":"product-type-variable"},"uagb_featured_image_src":{"full":["https:\/\/www.handmadebucisu.com\/wp-content\/uploads\/2026\/03\/kozmeticni_trak_roza_1-1.jpg",1800,1800,false],"thumbnail":["https:\/\/www.handmadebucisu.com\/wp-content\/uploads\/2026\/03\/kozmeticni_trak_roza_1-1-150x150.jpg",150,150,true],"medium":["https:\/\/www.handmadebucisu.com\/wp-content\/uploads\/2026\/03\/kozmeticni_trak_roza_1-1-300x300.jpg",300,300,true],"medium_large":["https:\/\/www.handmadebucisu.com\/wp-content\/uploads\/2026\/03\/kozmeticni_trak_roza_1-1-768x768.jpg",768,768,true],"large":["https:\/\/www.handmadebucisu.com\/wp-content\/uploads\/2026\/03\/kozmeticni_trak_roza_1-1-1024x1024.jpg",1024,1024,true],"1536x1536":["https:\/\/www.handmadebucisu.com\/wp-content\/uploads\/2026\/03\/kozmeticni_trak_roza_1-1-1536x1536.jpg",1536,1536,true],"2048x2048":["https:\/\/www.handmadebucisu.com\/wp-content\/uploads\/2026\/03\/kozmeticni_trak_roza_1-1.jpg",1800,1800,false],"trp-custom-language-flag":["https:\/\/www.handmadebucisu.com\/wp-content\/uploads\/2026\/03\/kozmeticni_trak_roza_1-1-12x12.jpg",12,12,true],"mailpoet_newsletter_max":["https:\/\/www.handmadebucisu.com\/wp-content\/uploads\/2026\/03\/kozmeticni_trak_roza_1-1-1320x1320.jpg",1320,1320,true],"woocommerce_thumbnail":["https:\/\/www.handmadebucisu.com\/wp-content\/uploads\/2026\/03\/kozmeticni_trak_roza_1-1-300x300.jpg",300,300,true],"woocommerce_single":["https:\/\/www.handmadebucisu.com\/wp-content\/uploads\/2026\/03\/kozmeticni_trak_roza_1-1-600x600.jpg",600,600,true],"woocommerce_gallery_thumbnail":["https:\/\/www.handmadebucisu.com\/wp-content\/uploads\/2026\/03\/kozmeticni_trak_roza_1-1-100x100.jpg",100,100,true]},"uagb_author_info":{"display_name":"bucisu","author_link":"https:\/\/www.handmadebucisu.com\/sl\/author\/"},"uagb_comment_info":0,"uagb_excerpt":"Hand-sewn soft and flexible cosmetic hair band for comfortable and aesthetic everyday use.","_links":{"self":[{"href":"https:\/\/www.handmadebucisu.com\/sl\/wp-json\/wp\/v2\/product\/2008","targetHints":{"allow":["GET"]}}],"collection":[{"href":"https:\/\/www.handmadebucisu.com\/sl\/wp-json\/wp\/v2\/product"}],"about":[{"href":"https:\/\/www.handmadebucisu.com\/sl\/wp-json\/wp\/v2\/types\/product"}],"replies":[{"embeddable":true,"href":"https:\/\/www.handmadebucisu.com\/sl\/wp-json\/wp\/v2\/comments?post=2008"}],"wp:featuredmedia":[{"embeddable":true,"href":"https:\/\/www.handmadebucisu.com\/sl\/wp-json\/wp\/v2\/media\/2037"}],"wp:attachment":[{"href":"https:\/\/www.handmadebucisu.com\/sl\/wp-json\/wp\/v2\/media?parent=2008"}],"wp:term":[{"taxonomy":"product_brand","embeddable":true,"href":"https:\/\/www.handmadebucisu.com\/sl\/wp-json\/wp\/v2\/product_brand?post=2008"},{"taxonomy":"product_cat","embeddable":true,"href":"https:\/\/www.handmadebucisu.com\/sl\/wp-json\/wp\/v2\/product_cat?post=2008"},{"taxonomy":"product_tag","embeddable":true,"href":"https:\/\/www.handmadebucisu.com\/sl\/wp-json\/wp\/v2\/product_tag?post=2008"}],"curies":[{"name":"wp","href":"https:\/\/api.w.org\/{rel}","templated":true}]}}