{"id":2063,"date":"2026-03-17T05:06:00","date_gmt":"2026-03-17T05:06:00","guid":{"rendered":"https:\/\/www.handmadebucisu.com\/?post_type=product&#038;p=2063"},"modified":"2026-04-15T11:34:28","modified_gmt":"2026-04-15T11:34:28","slug":"hair-scrunchie","status":"publish","type":"product","link":"https:\/\/www.handmadebucisu.com\/sl\/izdelek\/hair-scrunchie\/","title":{"rendered":"Elastika za lase"},"content":{"rendered":"<p data-start=\"152\" data-end=\"347\">Ta mehka in prilagodljiva elastika za lase je zasnovana za udobno vsakodnevno no\u0161enje.<br data-start=\"232\" data-end=\"235\" \/>Ne\u017eno blago pomaga za\u0161\u010dititi lase, medtem ko elastika zagotavlja dober oprijem brez nepotrebnega zategovanja.<\/p>\n<p data-start=\"349\" data-end=\"465\">Preprost, a estetski dodatek, ki dopolni razli\u010dne pri\u010deske \u2014 od spro\u0161\u010denih do bolj urejenih.<\/p>\n<p><strong>Zakaj izbrati to elastiko?\u00a0<\/strong><\/p>\n<ul>\n<li>Izdelana z veliko pozornosti do detajlov<\/li>\n<li>Ne\u017ena do las in primerna za vsakodnevno uporabo<\/li>\n<li>Prilagodljiva in udobna za no\u0161enje<\/li>\n<li>Dobro dr\u017ei lase brez vle\u010denja<\/li>\n<li>Estetski dodatek za razli\u010dne pri\u010deske<\/li>\n<li>Primerena tudi kot lepo darilo<\/li>\n<\/ul>","protected":false},"excerpt":{"rendered":"<p data-start=\"783\" data-end=\"862\">Mehka in prilagodljiva elastika za lase za udobno in ne\u017eno vsakodnevno oblikovanje pri\u010desk.<\/p>","protected":false},"featured_media":2069,"comment_status":"open","ping_status":"closed","template":"","meta":{"_uag_custom_page_level_css":"","site-sidebar-layout":"default","site-content-layout":"default","ast-site-content-layout":"default","site-content-style":"default","site-sidebar-style":"default","ast-global-header-display":"","ast-banner-title-visibility":"","ast-main-header-display":"","ast-hfb-above-header-display":"","ast-hfb-below-header-display":"","ast-hfb-mobile-header-display":"","site-post-title":"","ast-breadcrumbs-content":"","ast-featured-img":"","footer-sml-layout":"","theme-transparent-header-meta":"default","adv-header-id-meta":"","stick-header-meta":"","header-above-stick-meta":"","header-main-stick-meta":"","header-below-stick-meta":"","astra-migrate-meta-layouts":"set","ast-page-background-enabled":"default","ast-page-background-meta":{"desktop":{"background-color":"var(--ast-global-color-4)","background-image":"","background-repeat":"repeat","background-position":"center center","background-size":"auto","background-attachment":"scroll","background-type":"","background-media":"","overlay-type":"","overlay-color":"","overlay-opacity":"","overlay-gradient":""},"tablet":{"background-color":"","background-image":"","background-repeat":"repeat","background-position":"center center","background-size":"auto","background-attachment":"scroll","background-type":"","background-media":"","overlay-type":"","overlay-color":"","overlay-opacity":"","overlay-gradient":""},"mobile":{"background-color":"","background-image":"","background-repeat":"repeat","background-position":"center center","background-size":"auto","background-attachment":"scroll","background-type":"","background-media":"","overlay-type":"","overlay-color":"","overlay-opacity":"","overlay-gradient":""}},"ast-content-background-meta":{"desktop":{"background-color":"var(--ast-global-color-5)","background-image":"","background-repeat":"repeat","background-position":"center center","background-size":"auto","background-attachment":"scroll","background-type":"","background-media":"","overlay-type":"","overlay-color":"","overlay-opacity":"","overlay-gradient":""},"tablet":{"background-color":"var(--ast-global-color-5)","background-image":"","background-repeat":"repeat","background-position":"center center","background-size":"auto","background-attachment":"scroll","background-type":"","background-media":"","overlay-type":"","overlay-color":"","overlay-opacity":"","overlay-gradient":""},"mobile":{"background-color":"var(--ast-global-color-5)","background-image":"","background-repeat":"repeat","background-position":"center center","background-size":"auto","background-attachment":"scroll","background-type":"","background-media":"","overlay-type":"","overlay-color":"","overlay-opacity":"","overlay-gradient":""}}},"product_brand":[],"product_cat":[22],"product_tag":[],"class_list":{"0":"post-2063","1":"product","2":"type-product","3":"status-publish","4":"has-post-thumbnail","6":"product_cat-self-care","7":"desktop-align-left","8":"tablet-align-left","9":"mobile-align-left","11":"first","12":"instock","13":"shipping-taxable","14":"purchasable","15":"product-type-variable"},"uagb_featured_image_src":{"full":["https:\/\/www.handmadebucisu.com\/wp-content\/uploads\/2026\/03\/elastika_za_lase_pastel_marelicna.jpg",1200,1200,false],"thumbnail":["https:\/\/www.handmadebucisu.com\/wp-content\/uploads\/2026\/03\/elastika_za_lase_pastel_marelicna-150x150.jpg",150,150,true],"medium":["https:\/\/www.handmadebucisu.com\/wp-content\/uploads\/2026\/03\/elastika_za_lase_pastel_marelicna-300x300.jpg",300,300,true],"medium_large":["https:\/\/www.handmadebucisu.com\/wp-content\/uploads\/2026\/03\/elastika_za_lase_pastel_marelicna-768x768.jpg",768,768,true],"large":["https:\/\/www.handmadebucisu.com\/wp-content\/uploads\/2026\/03\/elastika_za_lase_pastel_marelicna-1024x1024.jpg",1024,1024,true],"1536x1536":["https:\/\/www.handmadebucisu.com\/wp-content\/uploads\/2026\/03\/elastika_za_lase_pastel_marelicna.jpg",1200,1200,false],"2048x2048":["https:\/\/www.handmadebucisu.com\/wp-content\/uploads\/2026\/03\/elastika_za_lase_pastel_marelicna.jpg",1200,1200,false],"trp-custom-language-flag":["https:\/\/www.handmadebucisu.com\/wp-content\/uploads\/2026\/03\/elastika_za_lase_pastel_marelicna-12x12.jpg",12,12,true],"mailpoet_newsletter_max":["https:\/\/www.handmadebucisu.com\/wp-content\/uploads\/2026\/03\/elastika_za_lase_pastel_marelicna.jpg",1200,1200,false],"woocommerce_thumbnail":["https:\/\/www.handmadebucisu.com\/wp-content\/uploads\/2026\/03\/elastika_za_lase_pastel_marelicna-300x300.jpg",300,300,true],"woocommerce_single":["https:\/\/www.handmadebucisu.com\/wp-content\/uploads\/2026\/03\/elastika_za_lase_pastel_marelicna-600x600.jpg",600,600,true],"woocommerce_gallery_thumbnail":["https:\/\/www.handmadebucisu.com\/wp-content\/uploads\/2026\/03\/elastika_za_lase_pastel_marelicna-100x100.jpg",100,100,true]},"uagb_author_info":{"display_name":"bucisu","author_link":"https:\/\/www.handmadebucisu.com\/sl\/author\/"},"uagb_comment_info":1,"uagb_excerpt":"Soft and flexible hair scrunchie for comfortable and gentle everyday styling.","_links":{"self":[{"href":"https:\/\/www.handmadebucisu.com\/sl\/wp-json\/wp\/v2\/product\/2063","targetHints":{"allow":["GET"]}}],"collection":[{"href":"https:\/\/www.handmadebucisu.com\/sl\/wp-json\/wp\/v2\/product"}],"about":[{"href":"https:\/\/www.handmadebucisu.com\/sl\/wp-json\/wp\/v2\/types\/product"}],"replies":[{"embeddable":true,"href":"https:\/\/www.handmadebucisu.com\/sl\/wp-json\/wp\/v2\/comments?post=2063"}],"wp:featuredmedia":[{"embeddable":true,"href":"https:\/\/www.handmadebucisu.com\/sl\/wp-json\/wp\/v2\/media\/2069"}],"wp:attachment":[{"href":"https:\/\/www.handmadebucisu.com\/sl\/wp-json\/wp\/v2\/media?parent=2063"}],"wp:term":[{"taxonomy":"product_brand","embeddable":true,"href":"https:\/\/www.handmadebucisu.com\/sl\/wp-json\/wp\/v2\/product_brand?post=2063"},{"taxonomy":"product_cat","embeddable":true,"href":"https:\/\/www.handmadebucisu.com\/sl\/wp-json\/wp\/v2\/product_cat?post=2063"},{"taxonomy":"product_tag","embeddable":true,"href":"https:\/\/www.handmadebucisu.com\/sl\/wp-json\/wp\/v2\/product_tag?post=2063"}],"curies":[{"name":"wp","href":"https:\/\/api.w.org\/{rel}","templated":true}]}}